{"id":311,"date":"2023-04-13T17:42:01","date_gmt":"2023-04-13T17:42:01","guid":{"rendered":"https:\/\/lamartinatenerife.es\/?page_id=311"},"modified":"2023-08-25T11:24:17","modified_gmt":"2023-08-25T11:24:17","slug":"menu","status":"publish","type":"page","link":"https:\/\/lamartinatenerife.es\/en\/menu\/","title":{"rendered":"Menu"},"content":{"rendered":"<section class=\"l-section wpb_row us_custom_de67d1db height_medium width_full\"><div class=\"l-section-h i-cf\"><div class=\"g-cols vc_row via_grid cols_1 laptops-cols_inherit tablets-cols_inherit mobiles-cols_1 valign_top type_default stacking_default\"><div class=\"wpb_column vc_column_container\"><div class=\"vc_column-inner\">[vc_custom_heading text=&#8221;DISHES TO SUIT ALL TASTES&#8221; font_container=&#8221;tag:div|text_align:left&#8221; use_theme_fonts=&#8221;yes&#8221; css=&#8221;%7B%22default%22%3A%7B%22text-align%22%3A%22center%22%2C%22font-size%22%3A%220.8rem%22%2C%22text-transform%22%3A%22uppercase%22%2C%22animation-name%22%3A%22fade%22%2C%22animation-delay%22%3A%220.5s%22%7D%7D&#8221;][vc_custom_heading text=&#8221;MENU&#8221; font_container=&#8221;tag:h2|text_align:center&#8221; use_theme_fonts=&#8221;yes&#8221; css=&#8221;%7B%22default%22%3A%7B%22color%22%3A%22%23333333%22%2C%22animation-name%22%3A%22fade%22%2C%22animation-delay%22%3A%220.5s%22%7D%7D&#8221;]<div class=\"w-image us_custom_f1a4f275 us_animate_this align_center\"><div class=\"w-image-h\"><img loading=\"lazy\" decoding=\"async\" width=\"116\" height=\"5\" src=\"https:\/\/lamartinatenerife.es\/wp-content\/uploads\/2022\/12\/separador.png\" class=\"attachment-full size-full\" alt=\"separador\" \/><\/div><\/div><\/div><\/div><\/div><\/div><\/section><section class=\"l-section wpb_row us_custom_f1a4f275 menu us_animate_this height_auto\"><div class=\"l-section-h i-cf\"><div class=\"g-cols vc_row via_grid cols_2 laptops-cols_inherit tablets-cols_inherit mobiles-cols_1 valign_middle type_default stacking_default\" style=\"grid-gap:2rem;\"><div class=\"wpb_column vc_column_container us_custom_8a2a3287 has_bg_color has-link\"><div class=\"vc_column-inner\"><h2 class=\"w-text us_custom_d44d8758 middle has_text_color\"><span class=\"w-text-h\"><span class=\"w-text-value\">Starters<\/span><\/span><\/h2><\/div><a href=\"\/en\/starters\" class=\"vc_column-link smooth-scroll\" aria-label=\"Link\"><\/a><\/div><div class=\"wpb_column vc_column_container us_custom_735c7b50 has_bg_color has-link\"><div class=\"vc_column-inner\"><h2 class=\"w-text us_custom_d44d8758 has_text_color\"><span class=\"w-text-h\"><span class=\"w-text-value\">Meats<\/span><\/span><\/h2><\/div><a href=\"\/en\/meats\" class=\"vc_column-link smooth-scroll\" aria-label=\"Link\"><\/a><\/div><div class=\"wpb_column vc_column_container us_custom_ea16a1f0 has_bg_color has-link\"><div class=\"vc_column-inner\"><h2 class=\"w-text us_custom_d44d8758 has_text_color\"><span class=\"w-text-h\"><span class=\"w-text-value\">Fish<\/span><\/span><\/h2><\/div><a href=\"\/en\/fish\" class=\"vc_column-link smooth-scroll\" aria-label=\"Link\"><\/a><\/div><\/div><\/div><\/section><section class=\"l-section wpb_row height_medium\"><div class=\"l-section-h i-cf\"><div class=\"g-cols vc_row via_grid cols_1 laptops-cols_inherit tablets-cols_inherit mobiles-cols_1 valign_top type_default stacking_default\"><div class=\"wpb_column vc_column_container\"><div class=\"vc_column-inner\"><div class=\"wpb_text_column us_custom_4d3af108 us_animate_this\"><div class=\"wpb_wrapper\"><p style=\"text-align: center;\">Enjoy authentic Argentinian cuisine at<strong> La Martina<\/strong>, the best <strong>Argentinian restaurant in Tenerife<\/strong>. Juicy cuts of grilled meat and traditional flavours that will transport you to Argentina.<\/p>\n<\/div><\/div><\/div><\/div><\/div><\/div><\/section>\n","protected":false},"excerpt":{"rendered":"[vc_custom_heading text=\"DISHES TO SUIT ALL TASTES\" font_container=\"tag:div|text_align:left\" use_theme_fonts=\"yes\" css=\"%7B%22default%22%3A%7B%22text-align%22%3A%22center%22%2C%22font-size%22%3A%220.8rem%22%2C%22text-transform%22%3A%22uppercase%22%2C%22animation-name%22%3A%22fade%22%2C%22animation-delay%22%3A%220.5s%22%7D%7D\"][vc_custom_heading text=\"MENU\" font_container=\"tag:h2|text_align:center\" use_theme_fonts=\"yes\" css=\"%7B%22default%22%3A%7B%22color%22%3A%22%23333333%22%2C%22animation-name%22%3A%22fade%22%2C%22animation-delay%22%3A%220.5s%22%7D%7D\"]StartersMeatsFishEnjoy authentic Argentinian cuisine at La Martina, the best Argentinian restaurant in Tenerife. Juicy cuts of grilled meat and traditional flavours that will transport you to Argentina.","protected":false},"author":1,"featured_media":0,"parent":0,"menu_order":0,"comment_status":"closed","ping_status":"closed","template":"","meta":{"footnotes":""},"class_list":["post-311","page","type-page","status-publish","hentry"],"yoast_head":"<!-- This site is optimized with the Yoast SEO Premium plugin v22.4 (Yoast SEO v27.3) - https:\/\/yoast.com\/product\/yoast-seo-premium-wordpress\/ -->\n<title>Menu | Argentinian restaurant in Tenerife - La Martina - Gourmetland<\/title>\n<meta name=\"description\" content=\"Check out our menu! The best argentinian restaurant in Tenerife is called La Martina. Come and meet us in the Americas.\" \/>\n<meta name=\"robots\" content=\"index, follow, max-snippet:-1, max-image-preview:large, max-video-preview:-1\" \/>\n<link rel=\"canonical\" href=\"https:\/\/lamartinatenerife.es\/en\/menu\/\" \/>\n<meta property=\"og:locale\" content=\"en_US\" \/>\n<meta property=\"og:type\" content=\"article\" \/>\n<meta property=\"og:title\" content=\"Menu\" \/>\n<meta property=\"og:description\" content=\"Check out our menu! The best argentinian restaurant in Tenerife is called La Martina. Come and meet us in the Americas.\" \/>\n<meta property=\"og:url\" content=\"https:\/\/lamartinatenerife.es\/en\/menu\/\" \/>\n<meta property=\"og:site_name\" content=\"La Martina\" \/>\n<meta property=\"article:modified_time\" content=\"2023-08-25T11:24:17+00:00\" \/>\n<meta name=\"twitter:card\" content=\"summary_large_image\" \/>\n<meta name=\"twitter:label1\" content=\"Est. reading time\" \/>\n\t<meta name=\"twitter:data1\" content=\"1 minute\" \/>\n<script type=\"application\/ld+json\" class=\"yoast-schema-graph\">{\"@context\":\"https:\\\/\\\/schema.org\",\"@graph\":[{\"@type\":\"WebPage\",\"@id\":\"https:\\\/\\\/lamartinatenerife.es\\\/en\\\/menu\\\/\",\"url\":\"https:\\\/\\\/lamartinatenerife.es\\\/en\\\/menu\\\/\",\"name\":\"Menu | Argentinian restaurant in Tenerife - La Martina - Gourmetland\",\"isPartOf\":{\"@id\":\"https:\\\/\\\/lamartinatenerife.es\\\/#website\"},\"datePublished\":\"2023-04-13T17:42:01+00:00\",\"dateModified\":\"2023-08-25T11:24:17+00:00\",\"description\":\"Check out our menu! The best argentinian restaurant in Tenerife is called La Martina. Come and meet us in the Americas.\",\"breadcrumb\":{\"@id\":\"https:\\\/\\\/lamartinatenerife.es\\\/en\\\/menu\\\/#breadcrumb\"},\"inLanguage\":\"en-US\",\"potentialAction\":[{\"@type\":\"ReadAction\",\"target\":[\"https:\\\/\\\/lamartinatenerife.es\\\/en\\\/menu\\\/\"]}]},{\"@type\":\"BreadcrumbList\",\"@id\":\"https:\\\/\\\/lamartinatenerife.es\\\/en\\\/menu\\\/#breadcrumb\",\"itemListElement\":[{\"@type\":\"ListItem\",\"position\":1,\"name\":\"Portada\",\"item\":\"https:\\\/\\\/lamartinatenerife.es\\\/en\\\/home\\\/\"},{\"@type\":\"ListItem\",\"position\":2,\"name\":\"Menu\"}]},{\"@type\":\"WebSite\",\"@id\":\"https:\\\/\\\/lamartinatenerife.es\\\/#website\",\"url\":\"https:\\\/\\\/lamartinatenerife.es\\\/\",\"name\":\"La Martina\",\"description\":\"Asador Argentino en Tenerife\",\"publisher\":{\"@id\":\"https:\\\/\\\/lamartinatenerife.es\\\/#organization\"},\"potentialAction\":[{\"@type\":\"SearchAction\",\"target\":{\"@type\":\"EntryPoint\",\"urlTemplate\":\"https:\\\/\\\/lamartinatenerife.es\\\/?s={search_term_string}\"},\"query-input\":{\"@type\":\"PropertyValueSpecification\",\"valueRequired\":true,\"valueName\":\"search_term_string\"}}],\"inLanguage\":\"en-US\"},{\"@type\":[\"Organization\",\"Place\",\"Restaurant\"],\"@id\":\"https:\\\/\\\/lamartinatenerife.es\\\/#organization\",\"name\":\"La martina\",\"url\":\"https:\\\/\\\/lamartinatenerife.es\\\/\",\"logo\":{\"@id\":\"https:\\\/\\\/lamartinatenerife.es\\\/en\\\/menu\\\/#local-main-organization-logo\"},\"image\":{\"@id\":\"https:\\\/\\\/lamartinatenerife.es\\\/en\\\/menu\\\/#local-main-organization-logo\"},\"address\":{\"@id\":\"https:\\\/\\\/lamartinatenerife.es\\\/en\\\/menu\\\/#local-main-place-address\"},\"geo\":{\"@type\":\"GeoCoordinates\",\"latitude\":\"28.054940173435877\",\"longitude\":\"-16.729975314510913\"},\"telephone\":[],\"contactPoint\":{\"@type\":\"ContactPoint\",\"telephone\":\"922 75 13 98\",\"email\":\"info@lamartinatenerife.es\"},\"openingHoursSpecification\":[{\"@type\":\"OpeningHoursSpecification\",\"dayOfWeek\":[\"Monday\",\"Tuesday\",\"Wednesday\",\"Thursday\",\"Friday\",\"Saturday\",\"Sunday\"],\"opens\":\"13:00\",\"closes\":\"23:00\"}],\"priceRange\":\"$$\",\"currenciesAccepted\":\"Euro\"},{\"@type\":\"PostalAddress\",\"@id\":\"https:\\\/\\\/lamartinatenerife.es\\\/en\\\/menu\\\/#local-main-place-address\",\"streetAddress\":\"Av. las Am\u00e9ricas, 1, 38660 Playa de la Am\u00e9ricas, Santa Cruz de Tenerife\",\"addressLocality\":\"Playa de la Am\u00e9ricas\",\"postalCode\":\"38660\",\"addressCountry\":\"ES\"},{\"@type\":\"ImageObject\",\"inLanguage\":\"en-US\",\"@id\":\"https:\\\/\\\/lamartinatenerife.es\\\/en\\\/menu\\\/#local-main-organization-logo\",\"url\":\"https:\\\/\\\/lamartinatenerife.es\\\/wp-content\\\/uploads\\\/2023\\\/05\\\/lamartina.png\",\"contentUrl\":\"https:\\\/\\\/lamartinatenerife.es\\\/wp-content\\\/uploads\\\/2023\\\/05\\\/lamartina.png\",\"width\":350,\"height\":350,\"caption\":\"La martina\"}]}<\/script>\n<meta name=\"geo.placename\" content=\"Playa de la Am\u00e9ricas\" \/>\n<meta name=\"geo.position\" content=\"28.054940173435877;-16.729975314510913\" \/>\n<meta name=\"geo.region\" content=\"Spain\" \/>\n<!-- \/ Yoast SEO Premium plugin. -->","yoast_head_json":{"title":"Menu | Argentinian restaurant in Tenerife - La Martina - Gourmetland","description":"Check out our menu! The best argentinian restaurant in Tenerife is called La Martina. Come and meet us in the Americas.","robots":{"index":"index","follow":"follow","max-snippet":"max-snippet:-1","max-image-preview":"max-image-preview:large","max-video-preview":"max-video-preview:-1"},"canonical":"https:\/\/lamartinatenerife.es\/en\/menu\/","og_locale":"en_US","og_type":"article","og_title":"Menu","og_description":"Check out our menu! The best argentinian restaurant in Tenerife is called La Martina. Come and meet us in the Americas.","og_url":"https:\/\/lamartinatenerife.es\/en\/menu\/","og_site_name":"La Martina","article_modified_time":"2023-08-25T11:24:17+00:00","twitter_card":"summary_large_image","twitter_misc":{"Est. reading time":"1 minute"},"schema":{"@context":"https:\/\/schema.org","@graph":[{"@type":"WebPage","@id":"https:\/\/lamartinatenerife.es\/en\/menu\/","url":"https:\/\/lamartinatenerife.es\/en\/menu\/","name":"Menu | Argentinian restaurant in Tenerife - La Martina - Gourmetland","isPartOf":{"@id":"https:\/\/lamartinatenerife.es\/#website"},"datePublished":"2023-04-13T17:42:01+00:00","dateModified":"2023-08-25T11:24:17+00:00","description":"Check out our menu! The best argentinian restaurant in Tenerife is called La Martina. Come and meet us in the Americas.","breadcrumb":{"@id":"https:\/\/lamartinatenerife.es\/en\/menu\/#breadcrumb"},"inLanguage":"en-US","potentialAction":[{"@type":"ReadAction","target":["https:\/\/lamartinatenerife.es\/en\/menu\/"]}]},{"@type":"BreadcrumbList","@id":"https:\/\/lamartinatenerife.es\/en\/menu\/#breadcrumb","itemListElement":[{"@type":"ListItem","position":1,"name":"Portada","item":"https:\/\/lamartinatenerife.es\/en\/home\/"},{"@type":"ListItem","position":2,"name":"Menu"}]},{"@type":"WebSite","@id":"https:\/\/lamartinatenerife.es\/#website","url":"https:\/\/lamartinatenerife.es\/","name":"La Martina","description":"Asador Argentino en Tenerife","publisher":{"@id":"https:\/\/lamartinatenerife.es\/#organization"},"potentialAction":[{"@type":"SearchAction","target":{"@type":"EntryPoint","urlTemplate":"https:\/\/lamartinatenerife.es\/?s={search_term_string}"},"query-input":{"@type":"PropertyValueSpecification","valueRequired":true,"valueName":"search_term_string"}}],"inLanguage":"en-US"},{"@type":["Organization","Place","Restaurant"],"@id":"https:\/\/lamartinatenerife.es\/#organization","name":"La martina","url":"https:\/\/lamartinatenerife.es\/","logo":{"@id":"https:\/\/lamartinatenerife.es\/en\/menu\/#local-main-organization-logo"},"image":{"@id":"https:\/\/lamartinatenerife.es\/en\/menu\/#local-main-organization-logo"},"address":{"@id":"https:\/\/lamartinatenerife.es\/en\/menu\/#local-main-place-address"},"geo":{"@type":"GeoCoordinates","latitude":"28.054940173435877","longitude":"-16.729975314510913"},"telephone":[],"contactPoint":{"@type":"ContactPoint","telephone":"922 75 13 98","email":"info@lamartinatenerife.es"},"openingHoursSpecification":[{"@type":"OpeningHoursSpecification","dayOfWeek":["Monday","Tuesday","Wednesday","Thursday","Friday","Saturday","Sunday"],"opens":"13:00","closes":"23:00"}],"priceRange":"$$","currenciesAccepted":"Euro"},{"@type":"PostalAddress","@id":"https:\/\/lamartinatenerife.es\/en\/menu\/#local-main-place-address","streetAddress":"Av. las Am\u00e9ricas, 1, 38660 Playa de la Am\u00e9ricas, Santa Cruz de Tenerife","addressLocality":"Playa de la Am\u00e9ricas","postalCode":"38660","addressCountry":"ES"},{"@type":"ImageObject","inLanguage":"en-US","@id":"https:\/\/lamartinatenerife.es\/en\/menu\/#local-main-organization-logo","url":"https:\/\/lamartinatenerife.es\/wp-content\/uploads\/2023\/05\/lamartina.png","contentUrl":"https:\/\/lamartinatenerife.es\/wp-content\/uploads\/2023\/05\/lamartina.png","width":350,"height":350,"caption":"La martina"}]},"geo.placename":"Playa de la Am\u00e9ricas","geo.position":{"lat":"28.054940173435877","long":"-16.729975314510913"},"geo.region":"Spain"},"_links":{"self":[{"href":"https:\/\/lamartinatenerife.es\/en\/wp-json\/wp\/v2\/pages\/311","targetHints":{"allow":["GET"]}}],"collection":[{"href":"https:\/\/lamartinatenerife.es\/en\/wp-json\/wp\/v2\/pages"}],"about":[{"href":"https:\/\/lamartinatenerife.es\/en\/wp-json\/wp\/v2\/types\/page"}],"author":[{"embeddable":true,"href":"https:\/\/lamartinatenerife.es\/en\/wp-json\/wp\/v2\/users\/1"}],"replies":[{"embeddable":true,"href":"https:\/\/lamartinatenerife.es\/en\/wp-json\/wp\/v2\/comments?post=311"}],"version-history":[{"count":7,"href":"https:\/\/lamartinatenerife.es\/en\/wp-json\/wp\/v2\/pages\/311\/revisions"}],"predecessor-version":[{"id":447,"href":"https:\/\/lamartinatenerife.es\/en\/wp-json\/wp\/v2\/pages\/311\/revisions\/447"}],"wp:attachment":[{"href":"https:\/\/lamartinatenerife.es\/en\/wp-json\/wp\/v2\/media?parent=311"}],"curies":[{"name":"wp","href":"https:\/\/api.w.org\/{rel}","templated":true}]}}