{"id":486,"date":"2024-03-26T08:21:43","date_gmt":"2024-03-26T08:21:43","guid":{"rendered":"https:\/\/lamartinatenerife.es\/?page_id=486"},"modified":"2024-03-26T08:22:41","modified_gmt":"2024-03-26T08:22:41","slug":"book-now","status":"publish","type":"page","link":"https:\/\/lamartinatenerife.es\/en\/book-now\/","title":{"rendered":"Book now"},"content":{"rendered":"<section class=\"l-section wpb_row height_medium\"><div class=\"l-section-h i-cf\"><div class=\"g-cols vc_row via_grid cols_1 laptops-cols_inherit tablets-cols_inherit mobiles-cols_1 valign_top type_default stacking_default\"><div class=\"wpb_column vc_column_container\"><div class=\"vc_column-inner\"><div class=\"w-html\"><iframe loading=\"lazy\" id=\"reservasGM\" title=\"Reservas\"                src=\"https:\/\/widget.thefork.com\/336f68b8-fdc5-499f-8539-d9511ae04a96\"                                                    frameborder=\"0\" height=\"650\" width=\"100%\" onload=\"iFrameResize();\"><\/iframe><\/div><\/div><\/div><\/div><\/div><\/section>\n","protected":false},"excerpt":{"rendered":"","protected":false},"author":1,"featured_media":0,"parent":0,"menu_order":0,"comment_status":"closed","ping_status":"closed","template":"","meta":{"footnotes":""},"class_list":["post-486","page","type-page","status-publish","hentry"],"yoast_head":"<!-- This site is optimized with the Yoast SEO Premium plugin v22.4 (Yoast SEO v27.4) - https:\/\/yoast.com\/product\/yoast-seo-premium-wordpress\/ -->\n<title>Book now - La Martina<\/title>\n<meta name=\"robots\" content=\"index, follow, max-snippet:-1, max-image-preview:large, max-video-preview:-1\" \/>\n<link rel=\"canonical\" href=\"https:\/\/lamartinatenerife.es\/en\/book-now\/\" \/>\n<meta property=\"og:locale\" content=\"en_US\" \/>\n<meta property=\"og:type\" content=\"article\" \/>\n<meta property=\"og:title\" content=\"Book now\" \/>\n<meta property=\"og:url\" content=\"https:\/\/lamartinatenerife.es\/en\/book-now\/\" \/>\n<meta property=\"og:site_name\" content=\"La Martina\" \/>\n<meta property=\"article:modified_time\" content=\"2024-03-26T08:22:41+00:00\" \/>\n<meta name=\"twitter:card\" content=\"summary_large_image\" \/>\n<meta name=\"twitter:label1\" content=\"Est. reading time\" \/>\n\t<meta name=\"twitter:data1\" content=\"1 minute\" \/>\n<script type=\"application\/ld+json\" class=\"yoast-schema-graph\">{\"@context\":\"https:\\\/\\\/schema.org\",\"@graph\":[{\"@type\":\"WebPage\",\"@id\":\"https:\\\/\\\/lamartinatenerife.es\\\/en\\\/book-now\\\/\",\"url\":\"https:\\\/\\\/lamartinatenerife.es\\\/en\\\/book-now\\\/\",\"name\":\"Book now - La Martina\",\"isPartOf\":{\"@id\":\"https:\\\/\\\/lamartinatenerife.es\\\/#website\"},\"datePublished\":\"2024-03-26T08:21:43+00:00\",\"dateModified\":\"2024-03-26T08:22:41+00:00\",\"breadcrumb\":{\"@id\":\"https:\\\/\\\/lamartinatenerife.es\\\/en\\\/book-now\\\/#breadcrumb\"},\"inLanguage\":\"en-US\",\"potentialAction\":[{\"@type\":\"ReadAction\",\"target\":[\"https:\\\/\\\/lamartinatenerife.es\\\/en\\\/book-now\\\/\"]}]},{\"@type\":\"BreadcrumbList\",\"@id\":\"https:\\\/\\\/lamartinatenerife.es\\\/en\\\/book-now\\\/#breadcrumb\",\"itemListElement\":[{\"@type\":\"ListItem\",\"position\":1,\"name\":\"Portada\",\"item\":\"https:\\\/\\\/lamartinatenerife.es\\\/en\\\/home\\\/\"},{\"@type\":\"ListItem\",\"position\":2,\"name\":\"Book now\"}]},{\"@type\":\"WebSite\",\"@id\":\"https:\\\/\\\/lamartinatenerife.es\\\/#website\",\"url\":\"https:\\\/\\\/lamartinatenerife.es\\\/\",\"name\":\"La Martina\",\"description\":\"Asador Argentino en Tenerife\",\"publisher\":{\"@id\":\"https:\\\/\\\/lamartinatenerife.es\\\/#organization\"},\"potentialAction\":[{\"@type\":\"SearchAction\",\"target\":{\"@type\":\"EntryPoint\",\"urlTemplate\":\"https:\\\/\\\/lamartinatenerife.es\\\/?s={search_term_string}\"},\"query-input\":{\"@type\":\"PropertyValueSpecification\",\"valueRequired\":true,\"valueName\":\"search_term_string\"}}],\"inLanguage\":\"en-US\"},{\"@type\":[\"Organization\",\"Place\",\"Restaurant\"],\"@id\":\"https:\\\/\\\/lamartinatenerife.es\\\/#organization\",\"name\":\"La martina\",\"url\":\"https:\\\/\\\/lamartinatenerife.es\\\/\",\"logo\":{\"@id\":\"https:\\\/\\\/lamartinatenerife.es\\\/en\\\/book-now\\\/#local-main-organization-logo\"},\"image\":{\"@id\":\"https:\\\/\\\/lamartinatenerife.es\\\/en\\\/book-now\\\/#local-main-organization-logo\"},\"address\":{\"@id\":\"https:\\\/\\\/lamartinatenerife.es\\\/en\\\/book-now\\\/#local-main-place-address\"},\"geo\":{\"@type\":\"GeoCoordinates\",\"latitude\":\"28.054940173435877\",\"longitude\":\"-16.729975314510913\"},\"telephone\":[],\"contactPoint\":{\"@type\":\"ContactPoint\",\"telephone\":\"922 75 13 98\",\"email\":\"info@lamartinatenerife.es\"},\"openingHoursSpecification\":[{\"@type\":\"OpeningHoursSpecification\",\"dayOfWeek\":[\"Monday\",\"Tuesday\",\"Wednesday\",\"Thursday\",\"Friday\",\"Saturday\",\"Sunday\"],\"opens\":\"13:00\",\"closes\":\"23:00\"}],\"priceRange\":\"$$\",\"currenciesAccepted\":\"Euro\"},{\"@type\":\"PostalAddress\",\"@id\":\"https:\\\/\\\/lamartinatenerife.es\\\/en\\\/book-now\\\/#local-main-place-address\",\"streetAddress\":\"Av. las Am\u00e9ricas, 1, 38660 Playa de la Am\u00e9ricas, Santa Cruz de Tenerife\",\"addressLocality\":\"Playa de la Am\u00e9ricas\",\"postalCode\":\"38660\",\"addressCountry\":\"ES\"},{\"@type\":\"ImageObject\",\"inLanguage\":\"en-US\",\"@id\":\"https:\\\/\\\/lamartinatenerife.es\\\/en\\\/book-now\\\/#local-main-organization-logo\",\"url\":\"https:\\\/\\\/lamartinatenerife.es\\\/wp-content\\\/uploads\\\/2023\\\/05\\\/lamartina.png\",\"contentUrl\":\"https:\\\/\\\/lamartinatenerife.es\\\/wp-content\\\/uploads\\\/2023\\\/05\\\/lamartina.png\",\"width\":350,\"height\":350,\"caption\":\"La martina\"}]}<\/script>\n<meta name=\"geo.placename\" content=\"Playa de la Am\u00e9ricas\" \/>\n<meta name=\"geo.position\" content=\"28.054940173435877;-16.729975314510913\" \/>\n<meta name=\"geo.region\" content=\"Spain\" \/>\n<!-- \/ Yoast SEO Premium plugin. -->","yoast_head_json":{"title":"Book now - La Martina","robots":{"index":"index","follow":"follow","max-snippet":"max-snippet:-1","max-image-preview":"max-image-preview:large","max-video-preview":"max-video-preview:-1"},"canonical":"https:\/\/lamartinatenerife.es\/en\/book-now\/","og_locale":"en_US","og_type":"article","og_title":"Book now","og_url":"https:\/\/lamartinatenerife.es\/en\/book-now\/","og_site_name":"La Martina","article_modified_time":"2024-03-26T08:22:41+00:00","twitter_card":"summary_large_image","twitter_misc":{"Est. reading time":"1 minute"},"schema":{"@context":"https:\/\/schema.org","@graph":[{"@type":"WebPage","@id":"https:\/\/lamartinatenerife.es\/en\/book-now\/","url":"https:\/\/lamartinatenerife.es\/en\/book-now\/","name":"Book now - La Martina","isPartOf":{"@id":"https:\/\/lamartinatenerife.es\/#website"},"datePublished":"2024-03-26T08:21:43+00:00","dateModified":"2024-03-26T08:22:41+00:00","breadcrumb":{"@id":"https:\/\/lamartinatenerife.es\/en\/book-now\/#breadcrumb"},"inLanguage":"en-US","potentialAction":[{"@type":"ReadAction","target":["https:\/\/lamartinatenerife.es\/en\/book-now\/"]}]},{"@type":"BreadcrumbList","@id":"https:\/\/lamartinatenerife.es\/en\/book-now\/#breadcrumb","itemListElement":[{"@type":"ListItem","position":1,"name":"Portada","item":"https:\/\/lamartinatenerife.es\/en\/home\/"},{"@type":"ListItem","position":2,"name":"Book now"}]},{"@type":"WebSite","@id":"https:\/\/lamartinatenerife.es\/#website","url":"https:\/\/lamartinatenerife.es\/","name":"La Martina","description":"Asador Argentino en Tenerife","publisher":{"@id":"https:\/\/lamartinatenerife.es\/#organization"},"potentialAction":[{"@type":"SearchAction","target":{"@type":"EntryPoint","urlTemplate":"https:\/\/lamartinatenerife.es\/?s={search_term_string}"},"query-input":{"@type":"PropertyValueSpecification","valueRequired":true,"valueName":"search_term_string"}}],"inLanguage":"en-US"},{"@type":["Organization","Place","Restaurant"],"@id":"https:\/\/lamartinatenerife.es\/#organization","name":"La martina","url":"https:\/\/lamartinatenerife.es\/","logo":{"@id":"https:\/\/lamartinatenerife.es\/en\/book-now\/#local-main-organization-logo"},"image":{"@id":"https:\/\/lamartinatenerife.es\/en\/book-now\/#local-main-organization-logo"},"address":{"@id":"https:\/\/lamartinatenerife.es\/en\/book-now\/#local-main-place-address"},"geo":{"@type":"GeoCoordinates","latitude":"28.054940173435877","longitude":"-16.729975314510913"},"telephone":[],"contactPoint":{"@type":"ContactPoint","telephone":"922 75 13 98","email":"info@lamartinatenerife.es"},"openingHoursSpecification":[{"@type":"OpeningHoursSpecification","dayOfWeek":["Monday","Tuesday","Wednesday","Thursday","Friday","Saturday","Sunday"],"opens":"13:00","closes":"23:00"}],"priceRange":"$$","currenciesAccepted":"Euro"},{"@type":"PostalAddress","@id":"https:\/\/lamartinatenerife.es\/en\/book-now\/#local-main-place-address","streetAddress":"Av. las Am\u00e9ricas, 1, 38660 Playa de la Am\u00e9ricas, Santa Cruz de Tenerife","addressLocality":"Playa de la Am\u00e9ricas","postalCode":"38660","addressCountry":"ES"},{"@type":"ImageObject","inLanguage":"en-US","@id":"https:\/\/lamartinatenerife.es\/en\/book-now\/#local-main-organization-logo","url":"https:\/\/lamartinatenerife.es\/wp-content\/uploads\/2023\/05\/lamartina.png","contentUrl":"https:\/\/lamartinatenerife.es\/wp-content\/uploads\/2023\/05\/lamartina.png","width":350,"height":350,"caption":"La martina"}]},"geo.placename":"Playa de la Am\u00e9ricas","geo.position":{"lat":"28.054940173435877","long":"-16.729975314510913"},"geo.region":"Spain"},"_links":{"self":[{"href":"https:\/\/lamartinatenerife.es\/en\/wp-json\/wp\/v2\/pages\/486","targetHints":{"allow":["GET"]}}],"collection":[{"href":"https:\/\/lamartinatenerife.es\/en\/wp-json\/wp\/v2\/pages"}],"about":[{"href":"https:\/\/lamartinatenerife.es\/en\/wp-json\/wp\/v2\/types\/page"}],"author":[{"embeddable":true,"href":"https:\/\/lamartinatenerife.es\/en\/wp-json\/wp\/v2\/users\/1"}],"replies":[{"embeddable":true,"href":"https:\/\/lamartinatenerife.es\/en\/wp-json\/wp\/v2\/comments?post=486"}],"version-history":[{"count":1,"href":"https:\/\/lamartinatenerife.es\/en\/wp-json\/wp\/v2\/pages\/486\/revisions"}],"predecessor-version":[{"id":487,"href":"https:\/\/lamartinatenerife.es\/en\/wp-json\/wp\/v2\/pages\/486\/revisions\/487"}],"wp:attachment":[{"href":"https:\/\/lamartinatenerife.es\/en\/wp-json\/wp\/v2\/media?parent=486"}],"curies":[{"name":"wp","href":"https:\/\/api.w.org\/{rel}","templated":true}]}}