{"id":92,"date":"2022-12-15T15:55:08","date_gmt":"2022-12-15T15:55:08","guid":{"rendered":"https:\/\/lamartinatenerife.es\/?page_id=92"},"modified":"2023-05-02T07:43:50","modified_gmt":"2023-05-02T07:43:50","slug":"cookie-policy","status":"publish","type":"page","link":"https:\/\/lamartinatenerife.es\/en\/cookie-policy\/","title":{"rendered":"Cookie Policy"},"content":{"rendered":"<section class=\"l-section wpb_row height_medium\"><div class=\"l-section-h i-cf\"><div class=\"g-cols vc_row via_grid cols_1 laptops-cols_inherit tablets-cols_inherit mobiles-cols_1 valign_top type_default stacking_default\"><div class=\"wpb_column vc_column_container\"><div class=\"vc_column-inner\">[vc_custom_heading source=&#8221;post_title&#8221; use_theme_fonts=&#8221;yes&#8221;]<\/div><\/div><\/div><\/div><\/section><section class=\"l-section wpb_row height_small\"><div class=\"l-section-h i-cf\"><div class=\"g-cols vc_row via_grid cols_1 laptops-cols_inherit tablets-cols_inherit mobiles-cols_1 valign_top type_default stacking_default\"><div class=\"wpb_column vc_column_container\"><div class=\"vc_column-inner\"><div class=\"wpb_text_column\"><div class=\"wpb_wrapper\"><p><b>WEB: https:\/\/www.lamartinatenerife.es<\/b><\/p>\n<p>This Cookies Policy is an integral part of the Legal Notice and Privacy Policy of the website www.lamartinatenerife.es (hereinafter, the &#8220;Website&#8221;). Accessing and browsing the Website, or using its services, implies acceptance of the terms and conditions set out in the Legal Notice and Privacy Policy.<\/p>\n<p>In order to facilitate browsing the Website, REVYROD, S.L. (hereinafter, &#8220;THE COMPANY&#8221;) as the owner of the Website, with VAT number B38421525 and registered office at C\/Infanta Elena 16, Pol\u00edgono Industrial Cho, C.P. 38632, Arona, Santa Cruz de Tenerife, informs you that it uses cookies or other data storage and retrieval devices with similar functionality (hereinafter, &#8220;Cookies&#8221;).<\/p>\n<p>In this sense, and with the aim of guaranteeing the user all the necessary information for correct browsing, we provide the user with the following informative text on what cookies are, what types of cookies exist on our website and how they can be configured or disabled.<\/p>\n<p>&nbsp;<\/p>\n<p><b>1.-WHAT IS A COOKIE?\u00a0<\/b><\/p>\n<p>Cookies are files containing small amounts of information that are downloaded to the user&#8217;s device when visiting a website. Their main purpose is to recognise the user each time he\/she accesses the Website, allowing, in addition, to improve the quality and offer a better use of it.<\/p>\n<p>THE COMPANY uses its own cookies and third-party cookies, belonging to third party companies. Cookies are essential for the functioning of the Internet, they cannot damage the user&#8217;s computer\/device and, if they are enabled in your browser settings, they help to identify and resolve possible errors in the functioning of the Website.<\/p>\n<p>&nbsp;<\/p>\n<p><b>2.- USE OF COOKIES BY THE PROVIDER.<\/b><\/p>\n<p>By accessing the Website, you expressly accept the use of this type of Cookies on your devices. If you disable Cookies, your browsing of the Website may not be optimal and some of the utilities available on the Website may not work properly.<\/p>\n<p>Specifically, the provider is using Cookies for the purposes set out below. If in the future the provider uses others for the purpose of providing more and better services, the user will be informed of this.<\/p>\n<p>THE COMPANY may collect information through files such as cookies or log files about users&#8217; browsing on its Websites. These devices are associated exclusively with a single user and their own access device. Cookies are files sent by the website and stored in the user&#8217;s browser by a web server to maintain the browsing session, storing your IP address (of your computer) and other possible browsing data.<\/p>\n<p>THE COMPANY may also use &#8220;beacons&#8221; or electronic images that allow the website to count the number of visitors and users who have entered a particular website and to access certain cookies. Thanks to cookies, it is possible that the server of THE COMPANY recognizes the browser of the computer used by the user in order to make navigation easier, as well as to measure the audience and traffic parameters, monitor the progress and number of entries, using the information contained in the cookies in a way that is unrelated to any other personal data that may be recorded by the user.<\/p>\n<p>THE COMPANY uses cookies to personalise the user&#8217;s browsing of its Websites, user input cookies and session cookies to balance the load, which are excluded from the scope of application of Article 22.2 of the Law on Information Society Services and Electronic Commerce (LSSI-CE).<\/p>\n<p>THE COMPANY uses web analytics cookies to measure and analyse user browsing on the Websites. Analytical cookies are those that allow the party responsible for them to monitor and analyse the behaviour of users of the websites to which they are linked. THE COMPANY uses the data obtained in order to make improvements based on the analysis of the usage data made by users. Web analytics does not allow information to be obtained on the name, surname, email address or postal address of the user. The information obtained relates to the number of users accessing the website, the number of pages viewed, the frequency and repetition of visits, their duration, the browser used, the operator providing the service, the language, the terminal used or the city to which the IP address is assigned.<\/p>\n<p>THE COMPANY uses behavioural advertising cookies to manage advertising spaces based on certain criteria and plug-in cookies to exchange social content. Behavioural advertising cookies are those that allow the management of advertising spaces that the website editor has included on the website in the most effective way possible. These cookies store information on the behaviour of users obtained through the continuous observation of their browsing habits, which allows advertising to be shown based on the same.<\/p>\n<p>In the following table you can see the cookies used on the website of THE COMPANY, the information obtained by them and their purpose:<\/p>\n<p>&nbsp;<\/p>\n<p><b>3.- THIRD-PARTY COOKIES.<\/b><\/p>\n<table>\n<tbody>\n<tr>\n<td><b>Cookie<\/b><\/td>\n<td><b>Purpose<\/b><\/td>\n<td><b>Description of the purpose of the cookie<\/b><\/td>\n<\/tr>\n<tr>\n<td>_gat (GoogleAnalytics)<\/td>\n<td>Limit the percentage.<\/td>\n<td>Used to limit the percentage of requests.<\/td>\n<\/tr>\n<tr>\n<td>_ga (GoogleAnalytics)<\/td>\n<td>Distinguishing users.<\/td>\n<td>It is used to distinguish users.<\/td>\n<\/tr>\n<tr>\n<td>Google (AdService)<\/td>\n<td>Conversion.<\/td>\n<td>Conversion of data on completed bookings and their amounts.<\/td>\n<\/tr>\n<\/tbody>\n<\/table>\n<p>&nbsp;<\/p>\n<p><b>4.- HOW TO REJECT OR BLOCK COOKIES.<\/b><\/p>\n<p>You can block Cookies through your browser&#8217;s configuration tools, or you can set your browser to warn you when a server wants to store a Cookie:<\/p>\n<p>If you use Microsoft Internet Explorer, you will find the option in the menu Tools &gt; Internet Options &gt; Privacy &gt; Settings. To find out more <a href=\"http:\/\/windows.microsoft.com\/es-es\/windows-vista\/block-or-allow-Cookies\">http:\/\/windows.microsoft.com\/es-es\/windows-vista\/block-or-allow-Cookies<\/a> <a href=\"http:\/\/windows.microsoft.com\/es-es\/windows7\/how-to-manage-Cookies-in-internet-explorer-9\">http:\/\/windows.microsoft.com\/es-es\/windows7\/how-to-manage-Cookies-in-internet-explorer-9<\/a>.<\/p>\n<p>If you use Firefox, you will find the option in the menu Tools &gt; Options &gt; Privacy &gt; Cookies. To find out more <a href=\"https:\/\/support.mozilla.org\/en-US\/kb\/enable-and-disable-cookies-website-preferences\">http:\/\/support.mozilla.org\/es\/kb\/habilitar-y-deshabilitar-Cookies-que-los-sitios-we<\/a>.<\/p>\n<p>If you use Chrome, in the section Options &gt; Advanced options &gt; Privacy. To find out more <a href=\"https:\/\/support.google.com\/accounts\/answer\/61416?hl=en\">https:\/\/support.google.com\/accounts\/answer\/61416?hl=es<\/a><\/p>\n<p>If you use Safari you will find the option in the Preferences\/Privacy menu. To find out more: <a href=\"http:\/\/support.apple.com\/kb\/HT1677?viewlocale=es_ES\">http:\/\/support.apple.com\/kb\/HT1677?viewlocale=es_ES<\/a><\/p>\n<\/div><\/div><\/div><\/div><\/div><\/div><\/section>\n","protected":false},"excerpt":{"rendered":"[vc_custom_heading source=\"post_title\" use_theme_fonts=\"yes\"]WEB: https:\/\/www.lamartinatenerife.es This Cookies Policy is an integral part of the Legal Notice and Privacy Policy of the website www.lamartinatenerife.es (hereinafter, the &#8220;Website&#8221;). Accessing and browsing the Website, or using its services, implies acceptance of the terms and conditions set out in the Legal Notice and Privacy Policy. In order to facilitate browsing...","protected":false},"author":1,"featured_media":0,"parent":0,"menu_order":0,"comment_status":"closed","ping_status":"closed","template":"","meta":{"footnotes":""},"class_list":["post-92","page","type-page","status-publish","hentry"],"yoast_head":"<!-- This site is optimized with the Yoast SEO Premium plugin v22.4 (Yoast SEO v27.4) - https:\/\/yoast.com\/product\/yoast-seo-premium-wordpress\/ -->\n<title>Cookie Policy - La Martina<\/title>\n<meta name=\"robots\" content=\"index, follow, max-snippet:-1, max-image-preview:large, max-video-preview:-1\" \/>\n<link rel=\"canonical\" href=\"https:\/\/lamartinatenerife.es\/en\/cookie-policy\/\" \/>\n<meta property=\"og:locale\" content=\"en_US\" \/>\n<meta property=\"og:type\" content=\"article\" \/>\n<meta property=\"og:title\" content=\"Cookie Policy\" \/>\n<meta property=\"og:url\" content=\"https:\/\/lamartinatenerife.es\/en\/cookie-policy\/\" \/>\n<meta property=\"og:site_name\" content=\"La Martina\" \/>\n<meta property=\"article:modified_time\" content=\"2023-05-02T07:43:50+00:00\" \/>\n<meta name=\"twitter:card\" content=\"summary_large_image\" \/>\n<meta name=\"twitter:label1\" content=\"Est. reading time\" \/>\n\t<meta name=\"twitter:data1\" content=\"5 minutes\" \/>\n<script type=\"application\/ld+json\" class=\"yoast-schema-graph\">{\"@context\":\"https:\\\/\\\/schema.org\",\"@graph\":[{\"@type\":\"WebPage\",\"@id\":\"https:\\\/\\\/lamartinatenerife.es\\\/en\\\/cookie-policy\\\/\",\"url\":\"https:\\\/\\\/lamartinatenerife.es\\\/en\\\/cookie-policy\\\/\",\"name\":\"Cookie Policy - La Martina\",\"isPartOf\":{\"@id\":\"https:\\\/\\\/lamartinatenerife.es\\\/#website\"},\"datePublished\":\"2022-12-15T15:55:08+00:00\",\"dateModified\":\"2023-05-02T07:43:50+00:00\",\"breadcrumb\":{\"@id\":\"https:\\\/\\\/lamartinatenerife.es\\\/en\\\/cookie-policy\\\/#breadcrumb\"},\"inLanguage\":\"en-US\",\"potentialAction\":[{\"@type\":\"ReadAction\",\"target\":[\"https:\\\/\\\/lamartinatenerife.es\\\/en\\\/cookie-policy\\\/\"]}]},{\"@type\":\"BreadcrumbList\",\"@id\":\"https:\\\/\\\/lamartinatenerife.es\\\/en\\\/cookie-policy\\\/#breadcrumb\",\"itemListElement\":[{\"@type\":\"ListItem\",\"position\":1,\"name\":\"Portada\",\"item\":\"https:\\\/\\\/lamartinatenerife.es\\\/en\\\/home\\\/\"},{\"@type\":\"ListItem\",\"position\":2,\"name\":\"Cookie Policy\"}]},{\"@type\":\"WebSite\",\"@id\":\"https:\\\/\\\/lamartinatenerife.es\\\/#website\",\"url\":\"https:\\\/\\\/lamartinatenerife.es\\\/\",\"name\":\"La Martina\",\"description\":\"Asador Argentino en Tenerife\",\"publisher\":{\"@id\":\"https:\\\/\\\/lamartinatenerife.es\\\/#organization\"},\"potentialAction\":[{\"@type\":\"SearchAction\",\"target\":{\"@type\":\"EntryPoint\",\"urlTemplate\":\"https:\\\/\\\/lamartinatenerife.es\\\/?s={search_term_string}\"},\"query-input\":{\"@type\":\"PropertyValueSpecification\",\"valueRequired\":true,\"valueName\":\"search_term_string\"}}],\"inLanguage\":\"en-US\"},{\"@type\":[\"Organization\",\"Place\",\"Restaurant\"],\"@id\":\"https:\\\/\\\/lamartinatenerife.es\\\/#organization\",\"name\":\"La martina\",\"url\":\"https:\\\/\\\/lamartinatenerife.es\\\/\",\"logo\":{\"@id\":\"https:\\\/\\\/lamartinatenerife.es\\\/en\\\/cookie-policy\\\/#local-main-organization-logo\"},\"image\":{\"@id\":\"https:\\\/\\\/lamartinatenerife.es\\\/en\\\/cookie-policy\\\/#local-main-organization-logo\"},\"address\":{\"@id\":\"https:\\\/\\\/lamartinatenerife.es\\\/en\\\/cookie-policy\\\/#local-main-place-address\"},\"geo\":{\"@type\":\"GeoCoordinates\",\"latitude\":\"28.054940173435877\",\"longitude\":\"-16.729975314510913\"},\"telephone\":[],\"contactPoint\":{\"@type\":\"ContactPoint\",\"telephone\":\"922 75 13 98\",\"email\":\"info@lamartinatenerife.es\"},\"openingHoursSpecification\":[{\"@type\":\"OpeningHoursSpecification\",\"dayOfWeek\":[\"Monday\",\"Tuesday\",\"Wednesday\",\"Thursday\",\"Friday\",\"Saturday\",\"Sunday\"],\"opens\":\"13:00\",\"closes\":\"23:00\"}],\"priceRange\":\"$$\",\"currenciesAccepted\":\"Euro\"},{\"@type\":\"PostalAddress\",\"@id\":\"https:\\\/\\\/lamartinatenerife.es\\\/en\\\/cookie-policy\\\/#local-main-place-address\",\"streetAddress\":\"Av. las Am\u00e9ricas, 1, 38660 Playa de la Am\u00e9ricas, Santa Cruz de Tenerife\",\"addressLocality\":\"Playa de la Am\u00e9ricas\",\"postalCode\":\"38660\",\"addressCountry\":\"ES\"},{\"@type\":\"ImageObject\",\"inLanguage\":\"en-US\",\"@id\":\"https:\\\/\\\/lamartinatenerife.es\\\/en\\\/cookie-policy\\\/#local-main-organization-logo\",\"url\":\"https:\\\/\\\/lamartinatenerife.es\\\/wp-content\\\/uploads\\\/2023\\\/05\\\/lamartina.png\",\"contentUrl\":\"https:\\\/\\\/lamartinatenerife.es\\\/wp-content\\\/uploads\\\/2023\\\/05\\\/lamartina.png\",\"width\":350,\"height\":350,\"caption\":\"La martina\"}]}<\/script>\n<meta name=\"geo.placename\" content=\"Playa de la Am\u00e9ricas\" \/>\n<meta name=\"geo.position\" content=\"28.054940173435877;-16.729975314510913\" \/>\n<meta name=\"geo.region\" content=\"Spain\" \/>\n<!-- \/ Yoast SEO Premium plugin. -->","yoast_head_json":{"title":"Cookie Policy - La Martina","robots":{"index":"index","follow":"follow","max-snippet":"max-snippet:-1","max-image-preview":"max-image-preview:large","max-video-preview":"max-video-preview:-1"},"canonical":"https:\/\/lamartinatenerife.es\/en\/cookie-policy\/","og_locale":"en_US","og_type":"article","og_title":"Cookie Policy","og_url":"https:\/\/lamartinatenerife.es\/en\/cookie-policy\/","og_site_name":"La Martina","article_modified_time":"2023-05-02T07:43:50+00:00","twitter_card":"summary_large_image","twitter_misc":{"Est. reading time":"5 minutes"},"schema":{"@context":"https:\/\/schema.org","@graph":[{"@type":"WebPage","@id":"https:\/\/lamartinatenerife.es\/en\/cookie-policy\/","url":"https:\/\/lamartinatenerife.es\/en\/cookie-policy\/","name":"Cookie Policy - La Martina","isPartOf":{"@id":"https:\/\/lamartinatenerife.es\/#website"},"datePublished":"2022-12-15T15:55:08+00:00","dateModified":"2023-05-02T07:43:50+00:00","breadcrumb":{"@id":"https:\/\/lamartinatenerife.es\/en\/cookie-policy\/#breadcrumb"},"inLanguage":"en-US","potentialAction":[{"@type":"ReadAction","target":["https:\/\/lamartinatenerife.es\/en\/cookie-policy\/"]}]},{"@type":"BreadcrumbList","@id":"https:\/\/lamartinatenerife.es\/en\/cookie-policy\/#breadcrumb","itemListElement":[{"@type":"ListItem","position":1,"name":"Portada","item":"https:\/\/lamartinatenerife.es\/en\/home\/"},{"@type":"ListItem","position":2,"name":"Cookie Policy"}]},{"@type":"WebSite","@id":"https:\/\/lamartinatenerife.es\/#website","url":"https:\/\/lamartinatenerife.es\/","name":"La Martina","description":"Asador Argentino en Tenerife","publisher":{"@id":"https:\/\/lamartinatenerife.es\/#organization"},"potentialAction":[{"@type":"SearchAction","target":{"@type":"EntryPoint","urlTemplate":"https:\/\/lamartinatenerife.es\/?s={search_term_string}"},"query-input":{"@type":"PropertyValueSpecification","valueRequired":true,"valueName":"search_term_string"}}],"inLanguage":"en-US"},{"@type":["Organization","Place","Restaurant"],"@id":"https:\/\/lamartinatenerife.es\/#organization","name":"La martina","url":"https:\/\/lamartinatenerife.es\/","logo":{"@id":"https:\/\/lamartinatenerife.es\/en\/cookie-policy\/#local-main-organization-logo"},"image":{"@id":"https:\/\/lamartinatenerife.es\/en\/cookie-policy\/#local-main-organization-logo"},"address":{"@id":"https:\/\/lamartinatenerife.es\/en\/cookie-policy\/#local-main-place-address"},"geo":{"@type":"GeoCoordinates","latitude":"28.054940173435877","longitude":"-16.729975314510913"},"telephone":[],"contactPoint":{"@type":"ContactPoint","telephone":"922 75 13 98","email":"info@lamartinatenerife.es"},"openingHoursSpecification":[{"@type":"OpeningHoursSpecification","dayOfWeek":["Monday","Tuesday","Wednesday","Thursday","Friday","Saturday","Sunday"],"opens":"13:00","closes":"23:00"}],"priceRange":"$$","currenciesAccepted":"Euro"},{"@type":"PostalAddress","@id":"https:\/\/lamartinatenerife.es\/en\/cookie-policy\/#local-main-place-address","streetAddress":"Av. las Am\u00e9ricas, 1, 38660 Playa de la Am\u00e9ricas, Santa Cruz de Tenerife","addressLocality":"Playa de la Am\u00e9ricas","postalCode":"38660","addressCountry":"ES"},{"@type":"ImageObject","inLanguage":"en-US","@id":"https:\/\/lamartinatenerife.es\/en\/cookie-policy\/#local-main-organization-logo","url":"https:\/\/lamartinatenerife.es\/wp-content\/uploads\/2023\/05\/lamartina.png","contentUrl":"https:\/\/lamartinatenerife.es\/wp-content\/uploads\/2023\/05\/lamartina.png","width":350,"height":350,"caption":"La martina"}]},"geo.placename":"Playa de la Am\u00e9ricas","geo.position":{"lat":"28.054940173435877","long":"-16.729975314510913"},"geo.region":"Spain"},"_links":{"self":[{"href":"https:\/\/lamartinatenerife.es\/en\/wp-json\/wp\/v2\/pages\/92","targetHints":{"allow":["GET"]}}],"collection":[{"href":"https:\/\/lamartinatenerife.es\/en\/wp-json\/wp\/v2\/pages"}],"about":[{"href":"https:\/\/lamartinatenerife.es\/en\/wp-json\/wp\/v2\/types\/page"}],"author":[{"embeddable":true,"href":"https:\/\/lamartinatenerife.es\/en\/wp-json\/wp\/v2\/users\/1"}],"replies":[{"embeddable":true,"href":"https:\/\/lamartinatenerife.es\/en\/wp-json\/wp\/v2\/comments?post=92"}],"version-history":[{"count":4,"href":"https:\/\/lamartinatenerife.es\/en\/wp-json\/wp\/v2\/pages\/92\/revisions"}],"predecessor-version":[{"id":356,"href":"https:\/\/lamartinatenerife.es\/en\/wp-json\/wp\/v2\/pages\/92\/revisions\/356"}],"wp:attachment":[{"href":"https:\/\/lamartinatenerife.es\/en\/wp-json\/wp\/v2\/media?parent=92"}],"curies":[{"name":"wp","href":"https:\/\/api.w.org\/{rel}","templated":true}]}}