{"id":416,"date":"2023-08-25T10:49:55","date_gmt":"2023-08-25T10:49:55","guid":{"rendered":"https:\/\/lamartinatenerife.es\/?page_id=416"},"modified":"2026-05-13T11:52:24","modified_gmt":"2026-05-13T11:52:24","slug":"entrantes","status":"publish","type":"page","link":"https:\/\/lamartinatenerife.es\/es\/entrantes\/","title":{"rendered":"Entrantes"},"content":{"rendered":"<section class=\"l-section wpb_row us_custom_de67d1db height_medium width_full\"><div class=\"l-section-h i-cf\"><div class=\"g-cols vc_row via_grid cols_1 laptops-cols_inherit tablets-cols_inherit mobiles-cols_1 valign_top type_default stacking_default\"><div class=\"wpb_column vc_column_container\"><div class=\"vc_column-inner\">[vc_custom_heading text=\u00bbMEN\u00da\u00bb font_container=\u00bbtag:div|text_align:left\u00bb use_theme_fonts=\u00bbyes\u00bb css=\u00bb%7B%22default%22%3A%7B%22text-align%22%3A%22center%22%2C%22font-size%22%3A%220.8rem%22%2C%22text-transform%22%3A%22uppercase%22%2C%22animation-name%22%3A%22fade%22%2C%22animation-delay%22%3A%220.5s%22%7D%7D\u00bb][vc_custom_heading text=\u00bbENTRANTES\u00bb font_container=\u00bbtag:h2|text_align:center\u00bb use_theme_fonts=\u00bbyes\u00bb css=\u00bb%7B%22default%22%3A%7B%22color%22%3A%22%23333333%22%2C%22animation-name%22%3A%22fade%22%2C%22animation-delay%22%3A%220.5s%22%7D%7D\u00bb]<div class=\"w-image us_custom_f1a4f275 us_animate_this align_center\"><div class=\"w-image-h\"><img loading=\"lazy\" decoding=\"async\" width=\"116\" height=\"5\" src=\"https:\/\/lamartinatenerife.es\/wp-content\/uploads\/2022\/12\/separador.png\" class=\"attachment-full size-full\" alt=\"separador\" \/><\/div><\/div><\/div><\/div><\/div><\/div><\/section><section class=\"l-section wpb_row us_custom_f1a4f275 us_animate_this height_auto\"><div class=\"l-section-h i-cf\"><div class=\"g-cols vc_row via_grid cols_1 laptops-cols_inherit tablets-cols_inherit mobiles-cols_1 valign_top type_default stacking_default\"><div class=\"wpb_column vc_column_container\"><div class=\"vc_column-inner\"><div class=\"w-tabs style_default switch_click accordion has_scrolling\" style=\"--sections-title-size:inherit\"><div class=\"w-tabs-sections titles-align_none icon_chevron cpos_right\"><div class=\"w-tabs-section\" id=\"ga3a\"><button class=\"w-tabs-section-header with_icon\" aria-controls=\"content-ga3a\" aria-expanded=\"false\"><i class=\"fas fa-utensils-alt\"><\/i><div class=\"w-tabs-section-title\">ENTRANTES<\/div><div class=\"w-tabs-section-control\"><\/div><\/button><div  class=\"w-tabs-section-content\" id=\"content-ga3a\"><div class=\"w-tabs-section-content-h i-cf\"><div class=\"g-cols wpb_row via_grid cols_2 laptops-cols_inherit tablets-cols_inherit mobiles-cols_1 valign_top type_default stacking_default\"><div class=\"wpb_column vc_column_container\"><div class=\"vc_column-inner\"><div class=\"w-vwrapper align_none valign_top\"><div class=\"wpb_text_column\"><div class=\"wpb_wrapper\"><h4>01- Aceitunas sevillanas<\/h4>\n<p>Con sabor a anchoa<\/p>\n<\/div><\/div><div class=\"w-separator size_medium\"><\/div><\/div><\/div><\/div><div class=\"wpb_column vc_column_container\"><div class=\"vc_column-inner\"><div class=\"w-vwrapper align_none valign_top\"><div class=\"wpb_text_column\"><div class=\"wpb_wrapper\"><h4>02- Carpaccio de carne de Buey<\/h4>\n<p>Maduraci\u00f3n de 60 d\u00edas ali\u00f1ado con sal maldon, aceite de oliva y escamas de parmesano.<\/p>\n<\/div><\/div><div class=\"w-separator size_medium\"><\/div><\/div><\/div><\/div><\/div><div class=\"g-cols wpb_row via_grid cols_2 laptops-cols_inherit tablets-cols_inherit mobiles-cols_1 valign_top type_default stacking_default\"><div class=\"wpb_column vc_column_container\"><div class=\"vc_column-inner\"><div class=\"w-vwrapper align_none valign_top\"><div class=\"wpb_text_column\"><div class=\"wpb_wrapper\"><h4>03- Mollejas de ternera a la parrilla<\/h4>\n<p>Servidas con lim\u00f3n.<\/p>\n<\/div><\/div><div class=\"w-separator size_medium\"><\/div><\/div><\/div><\/div><div class=\"wpb_column vc_column_container\"><div class=\"vc_column-inner\"><div class=\"w-vwrapper align_none valign_top\"><div class=\"wpb_text_column\"><div class=\"wpb_wrapper\"><h4>04- Surtido de chorizos, chistorras y butifarra.<\/h4>\n<p>especial para picoteo (2 personas).<\/p>\n<\/div><\/div><div class=\"w-separator size_medium\"><\/div><\/div><\/div><\/div><\/div><div class=\"g-cols wpb_row via_grid cols_2 laptops-cols_inherit tablets-cols_inherit mobiles-cols_1 valign_top type_default stacking_default\"><div class=\"wpb_column vc_column_container\"><div class=\"vc_column-inner\"><div class=\"w-vwrapper align_none valign_top\"><div class=\"wpb_text_column\"><div class=\"wpb_wrapper\"><h4>05- Provoletta con chorizo<\/h4>\n<p>(compartir 2 personas) Rueda de provolone a la parrilla acompa\u00f1ado de chorizo criollo.<\/p>\n<\/div><\/div><div class=\"w-separator size_medium\"><\/div><\/div><\/div><\/div><div class=\"wpb_column vc_column_container\"><div class=\"vc_column-inner\"><div class=\"w-vwrapper align_none valign_top\"><div class=\"wpb_text_column\"><div class=\"wpb_wrapper\"><h4>06- Croquetas de jam\u00f3n ib\u00e9rico<\/h4>\n<\/div><\/div><div class=\"w-separator size_medium\"><\/div><\/div><\/div><\/div><\/div><div class=\"g-cols wpb_row via_grid cols_2 laptops-cols_inherit tablets-cols_inherit mobiles-cols_1 valign_top type_default stacking_default\"><div class=\"wpb_column vc_column_container\"><div class=\"vc_column-inner\"><div class=\"w-vwrapper align_none valign_top\"><div class=\"wpb_text_column\"><div class=\"wpb_wrapper\"><h4>07- Esp\u00e1rragos trigueros a la plancha<\/h4>\n<p>Con salsa bearnesa.<\/p>\n<\/div><\/div><div class=\"w-separator size_medium\"><\/div><\/div><\/div><\/div><div class=\"wpb_column vc_column_container\"><div class=\"vc_column-inner\"><div class=\"w-vwrapper align_none valign_top\"><div class=\"wpb_text_column\"><div class=\"wpb_wrapper\"><h4>08- Parrilla de verduras y champi\u00f1ones<\/h4>\n<p>Verduras de temporada con salsa Bearnesa.<\/p>\n<\/div><\/div><div class=\"w-separator size_medium\"><\/div><\/div><\/div><\/div><\/div><div class=\"g-cols wpb_row via_grid cols_2 laptops-cols_inherit tablets-cols_inherit mobiles-cols_1 valign_top type_default stacking_default\"><div class=\"wpb_column vc_column_container\"><div class=\"vc_column-inner\"><div class=\"w-vwrapper align_none valign_top\"><div class=\"wpb_text_column\"><div class=\"wpb_wrapper\"><h4>09- Langostinos al ajo<\/h4>\n<p>Langostinos al ajillo con aceite de oliva y flambeadas al brandy.<\/p>\n<\/div><\/div><div class=\"w-separator size_medium\"><\/div><\/div><\/div><\/div><div class=\"wpb_column vc_column_container\"><div class=\"vc_column-inner\"><div class=\"w-vwrapper align_none valign_top\"><div class=\"wpb_text_column\"><div class=\"wpb_wrapper\"><h4>10- Morcilla de Wagyu<\/h4>\n<p>con cebolla caramelizada.<\/p>\n<\/div><\/div><div class=\"w-separator size_medium\"><\/div><\/div><\/div><\/div><\/div><div class=\"g-cols wpb_row via_grid cols_2 laptops-cols_inherit tablets-cols_inherit mobiles-cols_1 valign_top type_default stacking_default\"><div class=\"wpb_column vc_column_container\"><div class=\"vc_column-inner\"><div class=\"w-vwrapper align_none valign_top\"><div class=\"wpb_text_column\"><div class=\"wpb_wrapper\"><h4>11- Wagyu A5 japon\u00e9s (Kobe) 100gr.<\/h4>\n<\/div><\/div><div class=\"w-separator size_medium\"><\/div><\/div><\/div><\/div><div class=\"wpb_column vc_column_container\"><div class=\"vc_column-inner\"><div class=\"w-vwrapper align_none valign_top\"><div class=\"wpb_text_column\"><div class=\"wpb_wrapper\"><h4>12- Pimientos de Padr\u00f3n<\/h4>\n<p>Con sal gorda.<\/p>\n<\/div><\/div><div class=\"w-separator size_medium\"><\/div><\/div><\/div><\/div><\/div><div class=\"g-cols wpb_row via_grid cols_2 laptops-cols_inherit tablets-cols_inherit mobiles-cols_1 valign_top type_default stacking_default\"><div class=\"wpb_column vc_column_container\"><div class=\"vc_column-inner\"><div class=\"w-vwrapper align_none valign_top\"><div class=\"wpb_text_column\"><div class=\"wpb_wrapper\"><h4>13- Mel\u00f3n fresco con jam\u00f3n Serrano<\/h4>\n<\/div><\/div><div class=\"w-separator size_medium\"><\/div><\/div><\/div><\/div><div class=\"wpb_column vc_column_container\"><div class=\"vc_column-inner\"><div class=\"w-vwrapper align_none valign_top\"><div class=\"wpb_text_column\"><div class=\"wpb_wrapper\"><h4>14- Avocados de la casa<\/h4>\n<p>Aguacates con gambas, pi\u00f1a, salsa rosa y huevas de caviar rosa.<\/p>\n<\/div><\/div><div class=\"w-separator size_medium\"><\/div><\/div><\/div><\/div><\/div><div class=\"g-cols wpb_row via_grid cols_2 laptops-cols_inherit tablets-cols_inherit mobiles-cols_1 valign_top type_default stacking_default\"><div class=\"wpb_column vc_column_container\"><div class=\"vc_column-inner\"><div class=\"w-vwrapper align_none valign_top\"><div class=\"wpb_text_column\"><div class=\"wpb_wrapper\"><h4>15- Calamares a la Romana<\/h4>\n<p>Servidos con salsa alioli.<\/p>\n<\/div><\/div><div class=\"w-separator size_medium\"><\/div><\/div><\/div><\/div><div class=\"wpb_column vc_column_container\"><div class=\"vc_column-inner\"><div class=\"w-vwrapper align_none valign_top\"><div class=\"wpb_text_column\"><div class=\"wpb_wrapper\"><h4>16- Champi\u00f1ones al ajillo<\/h4>\n<p>Champi\u00f1ones naturales con aceite de oliva, ajo y guindilla.<\/p>\n<\/div><\/div><div class=\"w-separator size_medium\"><\/div><\/div><\/div><\/div><\/div><div class=\"g-cols wpb_row via_grid cols_2 laptops-cols_inherit tablets-cols_inherit mobiles-cols_1 valign_top type_default stacking_default\"><div class=\"wpb_column vc_column_container\"><div class=\"vc_column-inner\"><div class=\"w-vwrapper align_none valign_top\"><div class=\"wpb_text_column\"><div class=\"wpb_wrapper\"><h4>17- Camembert frito<\/h4>\n<p>Servido con salsa de ar\u00e1ndanos frescos.<\/p>\n<\/div><\/div><div class=\"w-separator size_medium\"><\/div><\/div><\/div><\/div><\/div><\/div><\/div><\/div><div class=\"w-tabs-section\" id=\"ze5d\"><button class=\"w-tabs-section-header with_icon\" aria-controls=\"content-ze5d\" aria-expanded=\"false\"><i class=\"fas fa-soup\"><\/i><div class=\"w-tabs-section-title\">SOPAS<\/div><div class=\"w-tabs-section-control\"><\/div><\/button><div  class=\"w-tabs-section-content\" id=\"content-ze5d\"><div class=\"w-tabs-section-content-h i-cf\"><div class=\"g-cols wpb_row via_grid cols_2 laptops-cols_inherit tablets-cols_inherit mobiles-cols_1 valign_top type_default stacking_default\"><div class=\"wpb_column vc_column_container\"><div class=\"vc_column-inner\"><div class=\"w-vwrapper align_none valign_top\"><div class=\"wpb_text_column\"><div class=\"wpb_wrapper\"><h4>18- De la abuela<\/h4>\n<p>Aut\u00e9ntica sopa de verduras y hortalizas cocidas en su propio caldo m\u00e1s aceite de oliva y queso parmesano.<\/p>\n<\/div><\/div><div class=\"w-separator size_medium\"><\/div><\/div><\/div><\/div><div class=\"wpb_column vc_column_container\"><div class=\"vc_column-inner\"><div class=\"w-vwrapper align_none valign_top\"><div class=\"wpb_text_column\"><div class=\"wpb_wrapper\"><h4>19- Crema de tomate<\/h4>\n<p>Con un toque de albahaca y aceite de oliva virgen.<\/p>\n<\/div><\/div><div class=\"w-separator size_medium\"><\/div><\/div><\/div><\/div><\/div><div class=\"g-cols wpb_row via_grid cols_2 laptops-cols_inherit tablets-cols_inherit mobiles-cols_1 valign_top type_default stacking_default\"><div class=\"wpb_column vc_column_container\"><div class=\"vc_column-inner\"><div class=\"w-vwrapper align_none valign_top\"><div class=\"wpb_text_column\"><div class=\"wpb_wrapper\"><h4>20- De la granja<\/h4>\n<p>Especial sopa con caldo, trozos de pollo casero y servida con fideos finos.<\/p>\n<\/div><\/div><div class=\"w-separator size_medium\"><\/div><\/div><\/div><\/div><div class=\"wpb_column vc_column_container\"><div class=\"vc_column-inner\"><\/div><\/div><\/div><\/div><\/div><\/div><div class=\"w-tabs-section\" id=\"n08c\"><button class=\"w-tabs-section-header with_icon\" aria-controls=\"content-n08c\" aria-expanded=\"false\"><i class=\"fas fa-salad\"><\/i><div class=\"w-tabs-section-title\">ENSALADA<\/div><div class=\"w-tabs-section-control\"><\/div><\/button><div  class=\"w-tabs-section-content\" id=\"content-n08c\"><div class=\"w-tabs-section-content-h i-cf\"><div class=\"g-cols wpb_row via_grid cols_2 laptops-cols_inherit tablets-cols_inherit mobiles-cols_1 valign_top type_default stacking_default\"><div class=\"wpb_column vc_column_container\"><div class=\"vc_column-inner\"><div class=\"w-vwrapper align_none valign_top\"><div class=\"wpb_text_column\"><div class=\"wpb_wrapper\"><h4>21- De la huerta con aguacate<\/h4>\n<p>Mezcla de lechugas con hortalizas de temporada, aguacate y pimientos asados con vinagreta de mostaza y miel.<\/p>\n<\/div><\/div><div class=\"w-separator size_medium\"><\/div><\/div><\/div><\/div><div class=\"wpb_column vc_column_container\"><div class=\"vc_column-inner\"><div class=\"w-vwrapper align_none valign_top\"><div class=\"wpb_text_column\"><div class=\"wpb_wrapper\"><h4>22- Griega<\/h4>\n<p>Lechuga, tomate, pepino, cebolla morada, aceitunas negras, queso feta, cilantro, or\u00e9gano y vinagreta de miel.<\/p>\n<\/div><\/div><div class=\"w-separator size_medium\"><\/div><\/div><\/div><\/div><\/div><div class=\"g-cols wpb_row via_grid cols_2 laptops-cols_inherit tablets-cols_inherit mobiles-cols_1 valign_top type_default stacking_default\"><div class=\"wpb_column vc_column_container\"><div class=\"vc_column-inner\"><div class=\"w-vwrapper align_none valign_top\"><div class=\"wpb_text_column\"><div class=\"wpb_wrapper\"><h4>23- C\u00e9sar<\/h4>\n<p>Ensalada de pollo empanado, queso parmesano, costrones de pan, huevo cocido, ali\u00f1o c\u00e9sar y crujiente bac\u00f3n.<\/p>\n<\/div><\/div><div class=\"w-separator size_medium\"><\/div><\/div><\/div><\/div><\/div><\/div><\/div><\/div><div class=\"w-tabs-section\" id=\"p7cd\"><button class=\"w-tabs-section-header with_icon\" aria-controls=\"content-p7cd\" aria-expanded=\"false\"><i class=\"fas fa-bread-loaf\"><\/i><div class=\"w-tabs-section-title\">PANES<\/div><div class=\"w-tabs-section-control\"><\/div><\/button><div  class=\"w-tabs-section-content\" id=\"content-p7cd\"><div class=\"w-tabs-section-content-h i-cf\"><div class=\"g-cols wpb_row via_grid cols_2 laptops-cols_inherit tablets-cols_inherit mobiles-cols_1 valign_top type_default stacking_default\"><div class=\"wpb_column vc_column_container\"><div class=\"vc_column-inner\"><div class=\"w-vwrapper align_none valign_top\"><div class=\"wpb_text_column\"><div class=\"wpb_wrapper\"><h4>24- Pan con mantequilla<\/h4>\n<p>(opci\u00f3n sin gluten)<\/p>\n<\/div><\/div><div class=\"w-separator size_medium\"><\/div><\/div><\/div><\/div><div class=\"wpb_column vc_column_container\"><div class=\"vc_column-inner\"><div class=\"w-vwrapper align_none valign_top\"><div class=\"wpb_text_column\"><div class=\"wpb_wrapper\"><h4>25- Bruschetta<\/h4>\n<p>con ajo, aceite de oliva y alioli.<\/p>\n<\/div><\/div><div class=\"w-separator size_medium\"><\/div><\/div><\/div><\/div><\/div><div class=\"g-cols wpb_row via_grid cols_2 laptops-cols_inherit tablets-cols_inherit mobiles-cols_1 valign_top type_default stacking_default\"><div class=\"wpb_column vc_column_container\"><div class=\"vc_column-inner\"><div class=\"w-vwrapper align_none valign_top\"><div class=\"wpb_text_column\"><div class=\"wpb_wrapper\"><h4>26- Bruschetta<\/h4>\n<p>con ajo, aceite de oliva, tomate natural.<\/p>\n<\/div><\/div><div class=\"w-separator size_medium\"><\/div><\/div><\/div><\/div><div class=\"wpb_column vc_column_container\"><div class=\"vc_column-inner\"><div class=\"w-vwrapper align_none valign_top\"><div class=\"wpb_text_column\"><div class=\"wpb_wrapper\"><h4>27- Bruschetta<\/h4>\n<p>con ajo, provoletta y bac\u00f3n.<\/p>\n<\/div><\/div><div class=\"w-separator size_medium\"><\/div><\/div><\/div><\/div><\/div><\/div><\/div><\/div><\/div><\/div><\/div><\/div><\/div><\/div><\/section><section class=\"l-section wpb_row height_medium\"><div class=\"l-section-h i-cf\"><div class=\"g-cols vc_row via_grid cols_1 laptops-cols_inherit tablets-cols_inherit mobiles-cols_1 valign_top type_default stacking_default\"><div class=\"wpb_column vc_column_container us_custom_f1a4f275 us_animate_this\"><div class=\"vc_column-inner\"><div class=\"w-btn-wrapper align_none\"><a class=\"w-btn us-btn-style_1\" href=\"\/es\/menu\/\"><span class=\"w-btn-label\">Volver al men\u00fa<\/span><\/a><\/div><div class=\"w-separator size_medium\"><\/div><\/div><\/div><\/div><\/div><\/section>\n","protected":false},"excerpt":{"rendered":"[vc_custom_heading text=\"MEN\u00da\" font_container=\"tag:div|text_align:left\" use_theme_fonts=\"yes\" css=\"%7B%22default%22%3A%7B%22text-align%22%3A%22center%22%2C%22font-size%22%3A%220.8rem%22%2C%22text-transform%22%3A%22uppercase%22%2C%22animation-name%22%3A%22fade%22%2C%22animation-delay%22%3A%220.5s%22%7D%7D\"][vc_custom_heading text=\"ENTRANTES\" font_container=\"tag:h2|text_align:center\" use_theme_fonts=\"yes\" css=\"%7B%22default%22%3A%7B%22color%22%3A%22%23333333%22%2C%22animation-name%22%3A%22fade%22%2C%22animation-delay%22%3A%220.5s%22%7D%7D\"]ENTRANTES01- Aceitunas sevillanas Con sabor a anchoa 02- Carpaccio de carne de Buey Maduraci\u00f3n de 60 d\u00edas ali\u00f1ado con sal maldon, aceite de oliva y escamas de parmesano. 03- Mollejas de ternera a la parrilla Servidas con lim\u00f3n. 04- Surtido de chorizos, chistorras y butifarra. especial para...","protected":false},"author":1,"featured_media":0,"parent":0,"menu_order":0,"comment_status":"closed","ping_status":"closed","template":"","meta":{"footnotes":""},"class_list":["post-416","page","type-page","status-publish","hentry"],"yoast_head":"<!-- This site is optimized with the Yoast SEO Premium plugin v22.4 (Yoast SEO v27.4) - https:\/\/yoast.com\/product\/yoast-seo-premium-wordpress\/ -->\n<title>Entrantes - La Martina<\/title>\n<meta name=\"robots\" content=\"index, follow, max-snippet:-1, max-image-preview:large, max-video-preview:-1\" \/>\n<link rel=\"canonical\" href=\"https:\/\/lamartinatenerife.es\/es\/entrantes\/\" \/>\n<meta property=\"og:locale\" content=\"es_ES\" \/>\n<meta property=\"og:type\" content=\"article\" \/>\n<meta property=\"og:title\" content=\"Entrantes\" \/>\n<meta property=\"og:url\" content=\"https:\/\/lamartinatenerife.es\/es\/entrantes\/\" \/>\n<meta property=\"og:site_name\" content=\"La Martina\" \/>\n<meta property=\"article:modified_time\" content=\"2026-05-13T11:52:24+00:00\" \/>\n<meta name=\"twitter:card\" content=\"summary_large_image\" \/>\n<meta name=\"twitter:label1\" content=\"Tiempo de lectura\" \/>\n\t<meta name=\"twitter:data1\" content=\"3 minutos\" \/>\n<script type=\"application\/ld+json\" class=\"yoast-schema-graph\">{\"@context\":\"https:\\\/\\\/schema.org\",\"@graph\":[{\"@type\":\"WebPage\",\"@id\":\"https:\\\/\\\/lamartinatenerife.es\\\/es\\\/entrantes\\\/\",\"url\":\"https:\\\/\\\/lamartinatenerife.es\\\/es\\\/entrantes\\\/\",\"name\":\"Entrantes - La Martina\",\"isPartOf\":{\"@id\":\"https:\\\/\\\/lamartinatenerife.es\\\/#website\"},\"datePublished\":\"2023-08-25T10:49:55+00:00\",\"dateModified\":\"2026-05-13T11:52:24+00:00\",\"breadcrumb\":{\"@id\":\"https:\\\/\\\/lamartinatenerife.es\\\/es\\\/entrantes\\\/#breadcrumb\"},\"inLanguage\":\"es\",\"potentialAction\":[{\"@type\":\"ReadAction\",\"target\":[\"https:\\\/\\\/lamartinatenerife.es\\\/es\\\/entrantes\\\/\"]}]},{\"@type\":\"BreadcrumbList\",\"@id\":\"https:\\\/\\\/lamartinatenerife.es\\\/es\\\/entrantes\\\/#breadcrumb\",\"itemListElement\":[{\"@type\":\"ListItem\",\"position\":1,\"name\":\"Portada\",\"item\":\"https:\\\/\\\/lamartinatenerife.es\\\/es\\\/\"},{\"@type\":\"ListItem\",\"position\":2,\"name\":\"Entrantes\"}]},{\"@type\":\"WebSite\",\"@id\":\"https:\\\/\\\/lamartinatenerife.es\\\/#website\",\"url\":\"https:\\\/\\\/lamartinatenerife.es\\\/\",\"name\":\"La Martina\",\"description\":\"Asador Argentino en Tenerife\",\"publisher\":{\"@id\":\"https:\\\/\\\/lamartinatenerife.es\\\/#organization\"},\"potentialAction\":[{\"@type\":\"SearchAction\",\"target\":{\"@type\":\"EntryPoint\",\"urlTemplate\":\"https:\\\/\\\/lamartinatenerife.es\\\/?s={search_term_string}\"},\"query-input\":{\"@type\":\"PropertyValueSpecification\",\"valueRequired\":true,\"valueName\":\"search_term_string\"}}],\"inLanguage\":\"es\"},{\"@type\":[\"Organization\",\"Place\",\"Restaurant\"],\"@id\":\"https:\\\/\\\/lamartinatenerife.es\\\/#organization\",\"name\":\"La martina\",\"url\":\"https:\\\/\\\/lamartinatenerife.es\\\/\",\"logo\":{\"@id\":\"https:\\\/\\\/lamartinatenerife.es\\\/es\\\/entrantes\\\/#local-main-organization-logo\"},\"image\":{\"@id\":\"https:\\\/\\\/lamartinatenerife.es\\\/es\\\/entrantes\\\/#local-main-organization-logo\"},\"address\":{\"@id\":\"https:\\\/\\\/lamartinatenerife.es\\\/es\\\/entrantes\\\/#local-main-place-address\"},\"geo\":{\"@type\":\"GeoCoordinates\",\"latitude\":\"28.054940173435877\",\"longitude\":\"-16.729975314510913\"},\"telephone\":[],\"contactPoint\":{\"@type\":\"ContactPoint\",\"telephone\":\"922 75 13 98\",\"email\":\"info@lamartinatenerife.es\"},\"openingHoursSpecification\":[{\"@type\":\"OpeningHoursSpecification\",\"dayOfWeek\":[\"Monday\",\"Tuesday\",\"Wednesday\",\"Thursday\",\"Friday\",\"Saturday\",\"Sunday\"],\"opens\":\"13:00\",\"closes\":\"23:00\"}],\"priceRange\":\"$$\",\"currenciesAccepted\":\"Euro\"},{\"@type\":\"PostalAddress\",\"@id\":\"https:\\\/\\\/lamartinatenerife.es\\\/es\\\/entrantes\\\/#local-main-place-address\",\"streetAddress\":\"Av. las Am\u00e9ricas, 1, 38660 Playa de la Am\u00e9ricas, Santa Cruz de Tenerife\",\"addressLocality\":\"Playa de la Am\u00e9ricas\",\"postalCode\":\"38660\",\"addressCountry\":\"ES\"},{\"@type\":\"ImageObject\",\"inLanguage\":\"es\",\"@id\":\"https:\\\/\\\/lamartinatenerife.es\\\/es\\\/entrantes\\\/#local-main-organization-logo\",\"url\":\"https:\\\/\\\/lamartinatenerife.es\\\/wp-content\\\/uploads\\\/2023\\\/05\\\/lamartina.png\",\"contentUrl\":\"https:\\\/\\\/lamartinatenerife.es\\\/wp-content\\\/uploads\\\/2023\\\/05\\\/lamartina.png\",\"width\":350,\"height\":350,\"caption\":\"La martina\"}]}<\/script>\n<meta name=\"geo.placename\" content=\"Playa de la Am\u00e9ricas\" \/>\n<meta name=\"geo.position\" content=\"28.054940173435877;-16.729975314510913\" \/>\n<meta name=\"geo.region\" content=\"Espa\u00f1a\" \/>\n<!-- \/ Yoast SEO Premium plugin. -->","yoast_head_json":{"title":"Entrantes - La Martina","robots":{"index":"index","follow":"follow","max-snippet":"max-snippet:-1","max-image-preview":"max-image-preview:large","max-video-preview":"max-video-preview:-1"},"canonical":"https:\/\/lamartinatenerife.es\/es\/entrantes\/","og_locale":"es_ES","og_type":"article","og_title":"Entrantes","og_url":"https:\/\/lamartinatenerife.es\/es\/entrantes\/","og_site_name":"La Martina","article_modified_time":"2026-05-13T11:52:24+00:00","twitter_card":"summary_large_image","twitter_misc":{"Tiempo de lectura":"3 minutos"},"schema":{"@context":"https:\/\/schema.org","@graph":[{"@type":"WebPage","@id":"https:\/\/lamartinatenerife.es\/es\/entrantes\/","url":"https:\/\/lamartinatenerife.es\/es\/entrantes\/","name":"Entrantes - La Martina","isPartOf":{"@id":"https:\/\/lamartinatenerife.es\/#website"},"datePublished":"2023-08-25T10:49:55+00:00","dateModified":"2026-05-13T11:52:24+00:00","breadcrumb":{"@id":"https:\/\/lamartinatenerife.es\/es\/entrantes\/#breadcrumb"},"inLanguage":"es","potentialAction":[{"@type":"ReadAction","target":["https:\/\/lamartinatenerife.es\/es\/entrantes\/"]}]},{"@type":"BreadcrumbList","@id":"https:\/\/lamartinatenerife.es\/es\/entrantes\/#breadcrumb","itemListElement":[{"@type":"ListItem","position":1,"name":"Portada","item":"https:\/\/lamartinatenerife.es\/es\/"},{"@type":"ListItem","position":2,"name":"Entrantes"}]},{"@type":"WebSite","@id":"https:\/\/lamartinatenerife.es\/#website","url":"https:\/\/lamartinatenerife.es\/","name":"La Martina","description":"Asador Argentino en Tenerife","publisher":{"@id":"https:\/\/lamartinatenerife.es\/#organization"},"potentialAction":[{"@type":"SearchAction","target":{"@type":"EntryPoint","urlTemplate":"https:\/\/lamartinatenerife.es\/?s={search_term_string}"},"query-input":{"@type":"PropertyValueSpecification","valueRequired":true,"valueName":"search_term_string"}}],"inLanguage":"es"},{"@type":["Organization","Place","Restaurant"],"@id":"https:\/\/lamartinatenerife.es\/#organization","name":"La martina","url":"https:\/\/lamartinatenerife.es\/","logo":{"@id":"https:\/\/lamartinatenerife.es\/es\/entrantes\/#local-main-organization-logo"},"image":{"@id":"https:\/\/lamartinatenerife.es\/es\/entrantes\/#local-main-organization-logo"},"address":{"@id":"https:\/\/lamartinatenerife.es\/es\/entrantes\/#local-main-place-address"},"geo":{"@type":"GeoCoordinates","latitude":"28.054940173435877","longitude":"-16.729975314510913"},"telephone":[],"contactPoint":{"@type":"ContactPoint","telephone":"922 75 13 98","email":"info@lamartinatenerife.es"},"openingHoursSpecification":[{"@type":"OpeningHoursSpecification","dayOfWeek":["Monday","Tuesday","Wednesday","Thursday","Friday","Saturday","Sunday"],"opens":"13:00","closes":"23:00"}],"priceRange":"$$","currenciesAccepted":"Euro"},{"@type":"PostalAddress","@id":"https:\/\/lamartinatenerife.es\/es\/entrantes\/#local-main-place-address","streetAddress":"Av. las Am\u00e9ricas, 1, 38660 Playa de la Am\u00e9ricas, Santa Cruz de Tenerife","addressLocality":"Playa de la Am\u00e9ricas","postalCode":"38660","addressCountry":"ES"},{"@type":"ImageObject","inLanguage":"es","@id":"https:\/\/lamartinatenerife.es\/es\/entrantes\/#local-main-organization-logo","url":"https:\/\/lamartinatenerife.es\/wp-content\/uploads\/2023\/05\/lamartina.png","contentUrl":"https:\/\/lamartinatenerife.es\/wp-content\/uploads\/2023\/05\/lamartina.png","width":350,"height":350,"caption":"La martina"}]},"geo.placename":"Playa de la Am\u00e9ricas","geo.position":{"lat":"28.054940173435877","long":"-16.729975314510913"},"geo.region":"Espa\u00f1a"},"_links":{"self":[{"href":"https:\/\/lamartinatenerife.es\/es\/wp-json\/wp\/v2\/pages\/416","targetHints":{"allow":["GET"]}}],"collection":[{"href":"https:\/\/lamartinatenerife.es\/es\/wp-json\/wp\/v2\/pages"}],"about":[{"href":"https:\/\/lamartinatenerife.es\/es\/wp-json\/wp\/v2\/types\/page"}],"author":[{"embeddable":true,"href":"https:\/\/lamartinatenerife.es\/es\/wp-json\/wp\/v2\/users\/1"}],"replies":[{"embeddable":true,"href":"https:\/\/lamartinatenerife.es\/es\/wp-json\/wp\/v2\/comments?post=416"}],"version-history":[{"count":6,"href":"https:\/\/lamartinatenerife.es\/es\/wp-json\/wp\/v2\/pages\/416\/revisions"}],"predecessor-version":[{"id":552,"href":"https:\/\/lamartinatenerife.es\/es\/wp-json\/wp\/v2\/pages\/416\/revisions\/552"}],"wp:attachment":[{"href":"https:\/\/lamartinatenerife.es\/es\/wp-json\/wp\/v2\/media?parent=416"}],"curies":[{"name":"wp","href":"https:\/\/api.w.org\/{rel}","templated":true}]}}