{"id":421,"date":"2023-08-25T10:45:33","date_gmt":"2023-08-25T10:45:33","guid":{"rendered":"https:\/\/lamartinatenerife.es\/?page_id=421"},"modified":"2026-05-13T12:03:34","modified_gmt":"2026-05-13T12:03:34","slug":"pescado","status":"publish","type":"page","link":"https:\/\/lamartinatenerife.es\/es\/pescado\/","title":{"rendered":"Pescado"},"content":{"rendered":"<section class=\"l-section wpb_row us_custom_de67d1db height_medium width_full\"><div class=\"l-section-h i-cf\"><div class=\"g-cols vc_row via_grid cols_1 laptops-cols_inherit tablets-cols_inherit mobiles-cols_1 valign_top type_default stacking_default\"><div class=\"wpb_column vc_column_container\"><div class=\"vc_column-inner\">[vc_custom_heading text=\u00bbMEN\u00da\u00bb font_container=\u00bbtag:div|text_align:left\u00bb use_theme_fonts=\u00bbyes\u00bb css=\u00bb%7B%22default%22%3A%7B%22text-align%22%3A%22center%22%2C%22font-size%22%3A%220.8rem%22%2C%22text-transform%22%3A%22uppercase%22%2C%22animation-name%22%3A%22fade%22%2C%22animation-delay%22%3A%220.5s%22%7D%7D\u00bb][vc_custom_heading text=\u00bbPESCADO\u00bb font_container=\u00bbtag:h2|text_align:center\u00bb use_theme_fonts=\u00bbyes\u00bb css=\u00bb%7B%22default%22%3A%7B%22color%22%3A%22%23333333%22%2C%22animation-name%22%3A%22fade%22%2C%22animation-delay%22%3A%220.5s%22%7D%7D\u00bb]<div class=\"w-image us_custom_f1a4f275 us_animate_this align_center\"><div class=\"w-image-h\"><img loading=\"lazy\" decoding=\"async\" width=\"116\" height=\"5\" src=\"https:\/\/lamartinatenerife.es\/wp-content\/uploads\/2022\/12\/separador.png\" class=\"attachment-full size-full\" alt=\"separador\" \/><\/div><\/div><\/div><\/div><\/div><\/div><\/section><section class=\"l-section wpb_row us_custom_f1a4f275 us_animate_this height_medium\"><div class=\"l-section-h i-cf\"><div class=\"g-cols vc_row via_grid cols_1 laptops-cols_inherit tablets-cols_inherit mobiles-cols_1 valign_top type_default stacking_default\"><div class=\"wpb_column vc_column_container\"><div class=\"vc_column-inner\"><div class=\"w-tabs style_default switch_click accordion has_scrolling\" style=\"--sections-title-size:inherit\"><div class=\"w-tabs-sections titles-align_none icon_chevron cpos_right\"><div class=\"w-tabs-section active\" id=\"y668\"><button class=\"w-tabs-section-header active with_icon\" aria-controls=\"content-y668\" aria-expanded=\"true\"><i class=\"fas fa-fish\"><\/i><div class=\"w-tabs-section-title\">PESCADO<\/div><div class=\"w-tabs-section-control\"><\/div><\/button><div  class=\"w-tabs-section-content\" id=\"content-y668\"><div class=\"w-tabs-section-content-h i-cf\"><div class=\"g-cols wpb_row via_grid cols_2 laptops-cols_inherit tablets-cols_inherit mobiles-cols_1 valign_top type_default stacking_default\"><div class=\"wpb_column vc_column_container\"><div class=\"vc_column-inner\"><div class=\"w-vwrapper align_none valign_top\"><div class=\"wpb_text_column\"><div class=\"wpb_wrapper\"><h4>80- Calamares a la Romana<\/h4>\n<p>Con papas arrugadas y nuestra salsa para mojar.<\/p>\n<\/div><\/div><div class=\"w-separator size_medium\"><\/div><\/div><\/div><\/div><div class=\"wpb_column vc_column_container\"><div class=\"vc_column-inner\"><div class=\"w-vwrapper align_none valign_top\"><div class=\"wpb_text_column\"><div class=\"wpb_wrapper\"><h4>81- Salm\u00f3n a la brasa<\/h4>\n<p>Fino pescado servido con vegetales y papas.<\/p>\n<\/div><\/div><div class=\"w-separator size_medium\"><\/div><\/div><\/div><\/div><\/div><div class=\"g-cols wpb_row via_grid cols_2 laptops-cols_inherit tablets-cols_inherit mobiles-cols_1 valign_top type_default stacking_default\"><div class=\"wpb_column vc_column_container\"><div class=\"vc_column-inner\"><div class=\"w-vwrapper align_none valign_top\"><div class=\"wpb_text_column\"><div class=\"wpb_wrapper\"><h4>82- Salm\u00f3n la martina<\/h4>\n<p>A la brasa con verduras salteadas y salsa Bearnesa casera.<\/p>\n<\/div><\/div><div class=\"w-separator size_medium\"><\/div><\/div><\/div><\/div><div class=\"wpb_column vc_column_container\"><div class=\"vc_column-inner\"><div class=\"w-vwrapper align_none valign_top\"><div class=\"wpb_text_column\"><div class=\"wpb_wrapper\"><h4>83- Langostinos salvajes a la plancha<\/h4>\n<p>Servidos con ensalada, salsa rosa y papas arrugadas.<\/p>\n<\/div><\/div><div class=\"w-separator size_medium\"><\/div><\/div><\/div><\/div><\/div><\/div><\/div><\/div><\/div><\/div><div class=\"w-separator size_small\"><\/div><div class=\"w-btn-wrapper align_none\"><a class=\"w-btn us-btn-style_1\" href=\"\/es\/menu\/\"><span class=\"w-btn-label\">Volver al men\u00fa<\/span><\/a><\/div><\/div><\/div><\/div><\/div><\/section>\n","protected":false},"excerpt":{"rendered":"[vc_custom_heading text=\"MEN\u00da\" font_container=\"tag:div|text_align:left\" use_theme_fonts=\"yes\" css=\"%7B%22default%22%3A%7B%22text-align%22%3A%22center%22%2C%22font-size%22%3A%220.8rem%22%2C%22text-transform%22%3A%22uppercase%22%2C%22animation-name%22%3A%22fade%22%2C%22animation-delay%22%3A%220.5s%22%7D%7D\"][vc_custom_heading text=\"PESCADO\" font_container=\"tag:h2|text_align:center\" use_theme_fonts=\"yes\" css=\"%7B%22default%22%3A%7B%22color%22%3A%22%23333333%22%2C%22animation-name%22%3A%22fade%22%2C%22animation-delay%22%3A%220.5s%22%7D%7D\"]PESCADO80- Calamares a la Romana Con papas arrugadas y nuestra salsa para mojar. 81- Salm\u00f3n a la brasa Fino pescado servido con vegetales y papas. 82- Salm\u00f3n la martina A la brasa con verduras salteadas y salsa Bearnesa casera. 83- Langostinos salvajes a la plancha Servidos con...","protected":false},"author":1,"featured_media":0,"parent":0,"menu_order":0,"comment_status":"closed","ping_status":"closed","template":"","meta":{"footnotes":""},"class_list":["post-421","page","type-page","status-publish","hentry"],"yoast_head":"<!-- This site is optimized with the Yoast SEO Premium plugin v22.4 (Yoast SEO v27.4) - https:\/\/yoast.com\/product\/yoast-seo-premium-wordpress\/ -->\n<title>Pescado - La Martina<\/title>\n<meta name=\"robots\" content=\"index, follow, max-snippet:-1, max-image-preview:large, max-video-preview:-1\" \/>\n<link rel=\"canonical\" href=\"https:\/\/lamartinatenerife.es\/es\/pescado\/\" \/>\n<meta property=\"og:locale\" content=\"es_ES\" \/>\n<meta property=\"og:type\" content=\"article\" \/>\n<meta property=\"og:title\" content=\"Pescado\" \/>\n<meta property=\"og:url\" content=\"https:\/\/lamartinatenerife.es\/es\/pescado\/\" \/>\n<meta property=\"og:site_name\" content=\"La Martina\" \/>\n<meta property=\"article:modified_time\" content=\"2026-05-13T12:03:34+00:00\" \/>\n<meta name=\"twitter:card\" content=\"summary_large_image\" \/>\n<meta name=\"twitter:label1\" content=\"Tiempo de lectura\" \/>\n\t<meta name=\"twitter:data1\" content=\"1 minuto\" \/>\n<script type=\"application\/ld+json\" class=\"yoast-schema-graph\">{\"@context\":\"https:\\\/\\\/schema.org\",\"@graph\":[{\"@type\":\"WebPage\",\"@id\":\"https:\\\/\\\/lamartinatenerife.es\\\/es\\\/pescado\\\/\",\"url\":\"https:\\\/\\\/lamartinatenerife.es\\\/es\\\/pescado\\\/\",\"name\":\"Pescado - La Martina\",\"isPartOf\":{\"@id\":\"https:\\\/\\\/lamartinatenerife.es\\\/#website\"},\"datePublished\":\"2023-08-25T10:45:33+00:00\",\"dateModified\":\"2026-05-13T12:03:34+00:00\",\"breadcrumb\":{\"@id\":\"https:\\\/\\\/lamartinatenerife.es\\\/es\\\/pescado\\\/#breadcrumb\"},\"inLanguage\":\"es\",\"potentialAction\":[{\"@type\":\"ReadAction\",\"target\":[\"https:\\\/\\\/lamartinatenerife.es\\\/es\\\/pescado\\\/\"]}]},{\"@type\":\"BreadcrumbList\",\"@id\":\"https:\\\/\\\/lamartinatenerife.es\\\/es\\\/pescado\\\/#breadcrumb\",\"itemListElement\":[{\"@type\":\"ListItem\",\"position\":1,\"name\":\"Portada\",\"item\":\"https:\\\/\\\/lamartinatenerife.es\\\/es\\\/\"},{\"@type\":\"ListItem\",\"position\":2,\"name\":\"Pescado\"}]},{\"@type\":\"WebSite\",\"@id\":\"https:\\\/\\\/lamartinatenerife.es\\\/#website\",\"url\":\"https:\\\/\\\/lamartinatenerife.es\\\/\",\"name\":\"La Martina\",\"description\":\"Asador Argentino en Tenerife\",\"publisher\":{\"@id\":\"https:\\\/\\\/lamartinatenerife.es\\\/#organization\"},\"potentialAction\":[{\"@type\":\"SearchAction\",\"target\":{\"@type\":\"EntryPoint\",\"urlTemplate\":\"https:\\\/\\\/lamartinatenerife.es\\\/?s={search_term_string}\"},\"query-input\":{\"@type\":\"PropertyValueSpecification\",\"valueRequired\":true,\"valueName\":\"search_term_string\"}}],\"inLanguage\":\"es\"},{\"@type\":[\"Organization\",\"Place\",\"Restaurant\"],\"@id\":\"https:\\\/\\\/lamartinatenerife.es\\\/#organization\",\"name\":\"La martina\",\"url\":\"https:\\\/\\\/lamartinatenerife.es\\\/\",\"logo\":{\"@id\":\"https:\\\/\\\/lamartinatenerife.es\\\/es\\\/pescado\\\/#local-main-organization-logo\"},\"image\":{\"@id\":\"https:\\\/\\\/lamartinatenerife.es\\\/es\\\/pescado\\\/#local-main-organization-logo\"},\"address\":{\"@id\":\"https:\\\/\\\/lamartinatenerife.es\\\/es\\\/pescado\\\/#local-main-place-address\"},\"geo\":{\"@type\":\"GeoCoordinates\",\"latitude\":\"28.054940173435877\",\"longitude\":\"-16.729975314510913\"},\"telephone\":[],\"contactPoint\":{\"@type\":\"ContactPoint\",\"telephone\":\"922 75 13 98\",\"email\":\"info@lamartinatenerife.es\"},\"openingHoursSpecification\":[{\"@type\":\"OpeningHoursSpecification\",\"dayOfWeek\":[\"Monday\",\"Tuesday\",\"Wednesday\",\"Thursday\",\"Friday\",\"Saturday\",\"Sunday\"],\"opens\":\"13:00\",\"closes\":\"23:00\"}],\"priceRange\":\"$$\",\"currenciesAccepted\":\"Euro\"},{\"@type\":\"PostalAddress\",\"@id\":\"https:\\\/\\\/lamartinatenerife.es\\\/es\\\/pescado\\\/#local-main-place-address\",\"streetAddress\":\"Av. las Am\u00e9ricas, 1, 38660 Playa de la Am\u00e9ricas, Santa Cruz de Tenerife\",\"addressLocality\":\"Playa de la Am\u00e9ricas\",\"postalCode\":\"38660\",\"addressCountry\":\"ES\"},{\"@type\":\"ImageObject\",\"inLanguage\":\"es\",\"@id\":\"https:\\\/\\\/lamartinatenerife.es\\\/es\\\/pescado\\\/#local-main-organization-logo\",\"url\":\"https:\\\/\\\/lamartinatenerife.es\\\/wp-content\\\/uploads\\\/2023\\\/05\\\/lamartina.png\",\"contentUrl\":\"https:\\\/\\\/lamartinatenerife.es\\\/wp-content\\\/uploads\\\/2023\\\/05\\\/lamartina.png\",\"width\":350,\"height\":350,\"caption\":\"La martina\"}]}<\/script>\n<meta name=\"geo.placename\" content=\"Playa de la Am\u00e9ricas\" \/>\n<meta name=\"geo.position\" content=\"28.054940173435877;-16.729975314510913\" \/>\n<meta name=\"geo.region\" content=\"Espa\u00f1a\" \/>\n<!-- \/ Yoast SEO Premium plugin. -->","yoast_head_json":{"title":"Pescado - La Martina","robots":{"index":"index","follow":"follow","max-snippet":"max-snippet:-1","max-image-preview":"max-image-preview:large","max-video-preview":"max-video-preview:-1"},"canonical":"https:\/\/lamartinatenerife.es\/es\/pescado\/","og_locale":"es_ES","og_type":"article","og_title":"Pescado","og_url":"https:\/\/lamartinatenerife.es\/es\/pescado\/","og_site_name":"La Martina","article_modified_time":"2026-05-13T12:03:34+00:00","twitter_card":"summary_large_image","twitter_misc":{"Tiempo de lectura":"1 minuto"},"schema":{"@context":"https:\/\/schema.org","@graph":[{"@type":"WebPage","@id":"https:\/\/lamartinatenerife.es\/es\/pescado\/","url":"https:\/\/lamartinatenerife.es\/es\/pescado\/","name":"Pescado - La Martina","isPartOf":{"@id":"https:\/\/lamartinatenerife.es\/#website"},"datePublished":"2023-08-25T10:45:33+00:00","dateModified":"2026-05-13T12:03:34+00:00","breadcrumb":{"@id":"https:\/\/lamartinatenerife.es\/es\/pescado\/#breadcrumb"},"inLanguage":"es","potentialAction":[{"@type":"ReadAction","target":["https:\/\/lamartinatenerife.es\/es\/pescado\/"]}]},{"@type":"BreadcrumbList","@id":"https:\/\/lamartinatenerife.es\/es\/pescado\/#breadcrumb","itemListElement":[{"@type":"ListItem","position":1,"name":"Portada","item":"https:\/\/lamartinatenerife.es\/es\/"},{"@type":"ListItem","position":2,"name":"Pescado"}]},{"@type":"WebSite","@id":"https:\/\/lamartinatenerife.es\/#website","url":"https:\/\/lamartinatenerife.es\/","name":"La Martina","description":"Asador Argentino en Tenerife","publisher":{"@id":"https:\/\/lamartinatenerife.es\/#organization"},"potentialAction":[{"@type":"SearchAction","target":{"@type":"EntryPoint","urlTemplate":"https:\/\/lamartinatenerife.es\/?s={search_term_string}"},"query-input":{"@type":"PropertyValueSpecification","valueRequired":true,"valueName":"search_term_string"}}],"inLanguage":"es"},{"@type":["Organization","Place","Restaurant"],"@id":"https:\/\/lamartinatenerife.es\/#organization","name":"La martina","url":"https:\/\/lamartinatenerife.es\/","logo":{"@id":"https:\/\/lamartinatenerife.es\/es\/pescado\/#local-main-organization-logo"},"image":{"@id":"https:\/\/lamartinatenerife.es\/es\/pescado\/#local-main-organization-logo"},"address":{"@id":"https:\/\/lamartinatenerife.es\/es\/pescado\/#local-main-place-address"},"geo":{"@type":"GeoCoordinates","latitude":"28.054940173435877","longitude":"-16.729975314510913"},"telephone":[],"contactPoint":{"@type":"ContactPoint","telephone":"922 75 13 98","email":"info@lamartinatenerife.es"},"openingHoursSpecification":[{"@type":"OpeningHoursSpecification","dayOfWeek":["Monday","Tuesday","Wednesday","Thursday","Friday","Saturday","Sunday"],"opens":"13:00","closes":"23:00"}],"priceRange":"$$","currenciesAccepted":"Euro"},{"@type":"PostalAddress","@id":"https:\/\/lamartinatenerife.es\/es\/pescado\/#local-main-place-address","streetAddress":"Av. las Am\u00e9ricas, 1, 38660 Playa de la Am\u00e9ricas, Santa Cruz de Tenerife","addressLocality":"Playa de la Am\u00e9ricas","postalCode":"38660","addressCountry":"ES"},{"@type":"ImageObject","inLanguage":"es","@id":"https:\/\/lamartinatenerife.es\/es\/pescado\/#local-main-organization-logo","url":"https:\/\/lamartinatenerife.es\/wp-content\/uploads\/2023\/05\/lamartina.png","contentUrl":"https:\/\/lamartinatenerife.es\/wp-content\/uploads\/2023\/05\/lamartina.png","width":350,"height":350,"caption":"La martina"}]},"geo.placename":"Playa de la Am\u00e9ricas","geo.position":{"lat":"28.054940173435877","long":"-16.729975314510913"},"geo.region":"Espa\u00f1a"},"_links":{"self":[{"href":"https:\/\/lamartinatenerife.es\/es\/wp-json\/wp\/v2\/pages\/421","targetHints":{"allow":["GET"]}}],"collection":[{"href":"https:\/\/lamartinatenerife.es\/es\/wp-json\/wp\/v2\/pages"}],"about":[{"href":"https:\/\/lamartinatenerife.es\/es\/wp-json\/wp\/v2\/types\/page"}],"author":[{"embeddable":true,"href":"https:\/\/lamartinatenerife.es\/es\/wp-json\/wp\/v2\/users\/1"}],"replies":[{"embeddable":true,"href":"https:\/\/lamartinatenerife.es\/es\/wp-json\/wp\/v2\/comments?post=421"}],"version-history":[{"count":9,"href":"https:\/\/lamartinatenerife.es\/es\/wp-json\/wp\/v2\/pages\/421\/revisions"}],"predecessor-version":[{"id":555,"href":"https:\/\/lamartinatenerife.es\/es\/wp-json\/wp\/v2\/pages\/421\/revisions\/555"}],"wp:attachment":[{"href":"https:\/\/lamartinatenerife.es\/es\/wp-json\/wp\/v2\/media?parent=421"}],"curies":[{"name":"wp","href":"https:\/\/api.w.org\/{rel}","templated":true}]}}